{"id":4179,"date":"2025-06-18T15:21:57","date_gmt":"2025-06-18T15:21:57","guid":{"rendered":"https:\/\/suquir.com.ve\/producto\/pasa-paciente\/"},"modified":"2025-07-19T00:58:02","modified_gmt":"2025-07-19T00:58:02","slug":"pasa-paciente","status":"publish","type":"product","link":"https:\/\/suquir.com.ve\/en\/product\/pasa-paciente\/","title":{"rendered":"PASA-PACIENTE"},"content":{"rendered":"","protected":false},"excerpt":{"rendered":"<p>Marca: Nantong Yikun Medical<\/p>\n<p>Almohadilla de transferencia de pacientes de alto rodamiento con asas reforzadas para<br \/>\nreposicionamiento.<\/p>\n<p>Aplicaci\u00f3n: Sentarse, girar, reposicionar y levantar a mujeres embarazadas, pacientes encamados o postoperatorios, aquellos que necesitan reposo en cama, incontinencia, ancianos, etc.<\/p>\n<p>Equipado con 6 asas reforzadas de alta resistencia, la almohadilla de transferencia puede ayudar a los pacientes a sentarse, trasladarse, reposicionarse, girar o levantar de forma f\u00e1cil y segura desde cualquier \u00e1ngulo.<\/p>\n<p>La almohadilla de transferencia est\u00e1 hecha de poli\u00e9ster resistente para sostener pacientes de la mayor\u00eda de las figuras con su gran capacidad.<\/p>\n<p>El tejido de poli\u00e9ster de alta calidad de la almohadilla de transferencia es transpirable, suave y c\u00f3modo al tacto, lo que ayuda a reducir la irritaci\u00f3n de la piel.<\/p>\n<p>Es liviano, resistente al agua y plegable, ideal para transporte,<br \/>\nalmacenamiento y uso en exteriores.<\/p>\n<p>\u2022 Tama\u00f1o: 102 x 66cm.<br \/>\n\u2022 Color: Azul marino.<br \/>\n\u2022 Material: Poli\u00e9ster, nailon.<br \/>\n\u2022 Capacidad de peso: \u2264200Kg.<br \/>\n\u2022 Peso neto: 600gr.<\/p>","protected":false},"featured_media":4475,"comment_status":"open","ping_status":"closed","template":"","meta":[],"product_brand":[],"product_cat":[15,122,121],"product_tag":[136],"class_list":{"0":"post-4179","1":"product","2":"type-product","3":"status-publish","4":"has-post-thumbnail","6":"product_cat-sin-categoria","7":"product_cat-hospitalizacion","8":"product_cat-mobiliario-clinico","9":"product_tag-advanced","11":"first","12":"instock","13":"shipping-taxable","14":"purchasable","15":"product-type-simple"},"_links":{"self":[{"href":"https:\/\/suquir.com.ve\/en\/wp-json\/wp\/v2\/product\/4179","targetHints":{"allow":["GET"]}}],"collection":[{"href":"https:\/\/suquir.com.ve\/en\/wp-json\/wp\/v2\/product"}],"about":[{"href":"https:\/\/suquir.com.ve\/en\/wp-json\/wp\/v2\/types\/product"}],"replies":[{"embeddable":true,"href":"https:\/\/suquir.com.ve\/en\/wp-json\/wp\/v2\/comments?post=4179"}],"wp:featuredmedia":[{"embeddable":true,"href":"https:\/\/suquir.com.ve\/en\/wp-json\/wp\/v2\/media\/4475"}],"wp:attachment":[{"href":"https:\/\/suquir.com.ve\/en\/wp-json\/wp\/v2\/media?parent=4179"}],"wp:term":[{"taxonomy":"product_brand","embeddable":true,"href":"https:\/\/suquir.com.ve\/en\/wp-json\/wp\/v2\/product_brand?post=4179"},{"taxonomy":"product_cat","embeddable":true,"href":"https:\/\/suquir.com.ve\/en\/wp-json\/wp\/v2\/product_cat?post=4179"},{"taxonomy":"product_tag","embeddable":true,"href":"https:\/\/suquir.com.ve\/en\/wp-json\/wp\/v2\/product_tag?post=4179"}],"curies":[{"name":"wp","href":"https:\/\/api.w.org\/{rel}","templated":true}]}}