{"id":4191,"date":"2025-06-18T15:22:17","date_gmt":"2025-06-18T15:22:17","guid":{"rendered":"https:\/\/suquir.com.ve\/producto\/lamparas-auxiliares-portatiles-plm500l\/"},"modified":"2025-07-19T02:04:49","modified_gmt":"2025-07-19T02:04:49","slug":"lamparas-auxiliares-portatiles-plm500l","status":"publish","type":"product","link":"https:\/\/suquir.com.ve\/en\/product\/lamparas-auxiliares-portatiles-plm500l\/","title":{"rendered":"L\u00c1MPARAS AUXILIARES PORTATILES PLM500L"},"content":{"rendered":"","protected":false},"excerpt":{"rendered":"<p>Marca: Nantong Yikun Medical<br \/>\nModelo: PLM500L<\/p>\n<p>Es un equipo muy conveniente para los hospitales y cl\u00ednicas ya que por sus ruedas es de f\u00e1cil traslado.<\/p>\n<p>Utilizando la m\u00e1s avanzada tecnolog\u00eda LED disponible, la serie PLM de luces de quir\u00f3fano han sido dise\u00f1ados para proporcionar alta calidad.<\/p>\n<p>Caracter\u00edsticas:<br \/>\n\u2022 Voltaje: 110V o 220V, 50\/60HZ.<br \/>\n\u2022 Potencia de entrada: 120W.<br \/>\n\u2022 \u00cdndice de reproducci\u00f3n crom\u00e1tica: 96.<br \/>\n\u2022 \u00cdndice de renderizaci\u00f3n R9: 98.<br \/>\n\u2022 Intensidad de la luz ajustable: 10% &#8211; 100%.<br \/>\n\u2022 Fuente luminosa LED.<br \/>\n\u2022 Duraci\u00f3n de la bombilla LED: 80.000 horas.<br \/>\n\u2022 Di\u00e1metro de la cabeza de la l\u00e1mpara: 700MM.<br \/>\n\u2022 Pantalla t\u00e1ctil LCD.<br \/>\n\u2022 Configuraci\u00f3n m\u00f3vil.<br \/>\n\u2022 Intensidad de luz EC a 1M: 40.000 &#8211; 160.000Lux.<\/p>","protected":false},"featured_media":4190,"comment_status":"open","ping_status":"closed","template":"","meta":[],"product_brand":[],"product_cat":[105],"product_tag":[136],"class_list":{"0":"post-4191","1":"product","2":"type-product","3":"status-publish","4":"has-post-thumbnail","6":"product_cat-quirofano","7":"product_tag-advanced","9":"first","10":"instock","11":"shipping-taxable","12":"purchasable","13":"product-type-simple"},"_links":{"self":[{"href":"https:\/\/suquir.com.ve\/en\/wp-json\/wp\/v2\/product\/4191","targetHints":{"allow":["GET"]}}],"collection":[{"href":"https:\/\/suquir.com.ve\/en\/wp-json\/wp\/v2\/product"}],"about":[{"href":"https:\/\/suquir.com.ve\/en\/wp-json\/wp\/v2\/types\/product"}],"replies":[{"embeddable":true,"href":"https:\/\/suquir.com.ve\/en\/wp-json\/wp\/v2\/comments?post=4191"}],"wp:featuredmedia":[{"embeddable":true,"href":"https:\/\/suquir.com.ve\/en\/wp-json\/wp\/v2\/media\/4190"}],"wp:attachment":[{"href":"https:\/\/suquir.com.ve\/en\/wp-json\/wp\/v2\/media?parent=4191"}],"wp:term":[{"taxonomy":"product_brand","embeddable":true,"href":"https:\/\/suquir.com.ve\/en\/wp-json\/wp\/v2\/product_brand?post=4191"},{"taxonomy":"product_cat","embeddable":true,"href":"https:\/\/suquir.com.ve\/en\/wp-json\/wp\/v2\/product_cat?post=4191"},{"taxonomy":"product_tag","embeddable":true,"href":"https:\/\/suquir.com.ve\/en\/wp-json\/wp\/v2\/product_tag?post=4191"}],"curies":[{"name":"wp","href":"https:\/\/api.w.org\/{rel}","templated":true}]}}