{"id":4193,"date":"2025-06-18T15:22:21","date_gmt":"2025-06-18T15:22:21","guid":{"rendered":"https:\/\/suquir.com.ve\/producto\/mesa-de-alimentacion-negra\/"},"modified":"2025-07-19T01:33:15","modified_gmt":"2025-07-19T01:33:15","slug":"mesa-de-alimentacion-negra","status":"publish","type":"product","link":"https:\/\/suquir.com.ve\/en\/product\/mesa-de-alimentacion-negra\/","title":{"rendered":"POWER TABLE black"},"content":{"rendered":"","protected":false},"excerpt":{"rendered":"<p>Marcas: Nantong Yikun Medical<\/p>\n<p>DESCRIPCI\u00d3N:<br \/>\n\u2022 Mesa de alimentaci\u00f3n para utilizar en la cama, sin inclinaci\u00f3n, con base y m\u00e1stil de cromo.<br \/>\n\u2022 Superficie laminada de baja presi\u00f3n, con textura de madera de nogal.<br \/>\n\u2022 La superficie de la mesa se puede levantar o bajar en posiciones ilimitadas, entre 28\u201d y 45\u201d.<br \/>\n\u2022 La base de acero cromado en \u00abH\u00bb brinda seguridad y estabilidad.<br \/>\n\u2022 La superficie de la mesa de 15&#8242; x 30&#8242; se sostiene firmemente al soltar la<br \/>\npalanca de ajuste de la altura.<br \/>\n\u2022 La superficie de la mesa se puede elevar con la m\u00e1s ligera presi\u00f3n hacia arriba.<\/p>","protected":false},"featured_media":4192,"comment_status":"open","ping_status":"closed","template":"","meta":[],"product_brand":[],"product_cat":[15,122,121],"product_tag":[136],"class_list":{"0":"post-4193","1":"product","2":"type-product","3":"status-publish","4":"has-post-thumbnail","6":"product_cat-sin-categoria","7":"product_cat-hospitalizacion","8":"product_cat-mobiliario-clinico","9":"product_tag-advanced","11":"first","12":"instock","13":"shipping-taxable","14":"purchasable","15":"product-type-simple"},"_links":{"self":[{"href":"https:\/\/suquir.com.ve\/en\/wp-json\/wp\/v2\/product\/4193","targetHints":{"allow":["GET"]}}],"collection":[{"href":"https:\/\/suquir.com.ve\/en\/wp-json\/wp\/v2\/product"}],"about":[{"href":"https:\/\/suquir.com.ve\/en\/wp-json\/wp\/v2\/types\/product"}],"replies":[{"embeddable":true,"href":"https:\/\/suquir.com.ve\/en\/wp-json\/wp\/v2\/comments?post=4193"}],"wp:featuredmedia":[{"embeddable":true,"href":"https:\/\/suquir.com.ve\/en\/wp-json\/wp\/v2\/media\/4192"}],"wp:attachment":[{"href":"https:\/\/suquir.com.ve\/en\/wp-json\/wp\/v2\/media?parent=4193"}],"wp:term":[{"taxonomy":"product_brand","embeddable":true,"href":"https:\/\/suquir.com.ve\/en\/wp-json\/wp\/v2\/product_brand?post=4193"},{"taxonomy":"product_cat","embeddable":true,"href":"https:\/\/suquir.com.ve\/en\/wp-json\/wp\/v2\/product_cat?post=4193"},{"taxonomy":"product_tag","embeddable":true,"href":"https:\/\/suquir.com.ve\/en\/wp-json\/wp\/v2\/product_tag?post=4193"}],"curies":[{"name":"wp","href":"https:\/\/api.w.org\/{rel}","templated":true}]}}