{"id":4209,"date":"2025-06-18T15:22:51","date_gmt":"2025-06-18T15:22:51","guid":{"rendered":"https:\/\/suquir.com.ve\/producto\/monitor-multiparametro-pdj-3000b\/"},"modified":"2025-07-19T01:48:32","modified_gmt":"2025-07-19T01:48:32","slug":"monitor-multiparametro-pdj-3000b","status":"publish","type":"product","link":"https:\/\/suquir.com.ve\/en\/product\/monitor-multiparametro-pdj-3000b\/","title":{"rendered":"MONITOR MULTIPARAMETRO PDJ-3000B"},"content":{"rendered":"","protected":false},"excerpt":{"rendered":"<p>Marca: Perlong Medical<br \/>\nModelo: PDJ-3000B<\/p>\n<p>Caracter\u00edsticas:<br \/>\n\u2022 Presi\u00f3n sangu\u00ednea no invasiva, frecuencia card\u00edaca, temperatura corporal, saturaci\u00f3n de ox\u00edgeno perif\u00e9rico (SpO2), frecuencia respiratoria y frecuencia del pulso registradas en una tabla de estad\u00edsticas hist\u00f3ricas de 1000 entradas que se puede visualizar y buscar.<br \/>\n\u2022 Selecci\u00f3n de electrodos: 5 derivaciones est\u00e1ndar (RA, LA, RL, LL, V).<br \/>\n\u2022 Idiomas opcionales: Chino, ingl\u00e9s, Espa\u00f1ol, Turco, Ruso y Franc\u00e9s.<br \/>\n\u2022 Conserva la frecuencia card\u00edaca, la temperatura corporal, la saturaci\u00f3n de ox\u00edgeno perif\u00e9rico (SpO2) y las estad\u00edsticas de frecuencia respiratoria durante un m\u00e1ximo de 72 horas.<br \/>\n\u2022 Incluye opciones de pausa, revisi\u00f3n y tendencias al observar formas de onda.<br \/>\n\u2022 M\u00f3dulo de medici\u00f3n de la presi\u00f3n sangu\u00ednea no invasiva indolora de alta precisi\u00f3n, precisi\u00f3n excepcional, gran consistencia, m\u00f3dulo equipado con protecci\u00f3n de sobre tensi\u00f3n de hardware doble.<br \/>\n\u2022 Alarmas: Alarmas sonoras y\/o visuales para frecuencia card\u00edaca, saturaci\u00f3n de ox\u00edgeno perif\u00e9rico (SpO2), presi\u00f3n sangu\u00ednea no invasiva y otras alarmas como desconexi\u00f3n o fallo de alimentaci\u00f3n, rangos de alarma totalmente ajustables.<br \/>\n\u2022 Resistente a la desfibrilaci\u00f3n y a las interferencias electroquir\u00fargicas, altamente estable y posee una funci\u00f3n de supresi\u00f3n de marcapasos.<br \/>\n\u2022 Adecuado para adultos, pacientes pedi\u00e1tricos y neonatales.<br \/>\n\u2022 Capaz de c\u00e1lculo de dosis de f\u00e1rmacos, presentaci\u00f3n de valoraci\u00f3n, modo de demostraci\u00f3n.<br \/>\n\u2022 Almacenamiento de memoria en caso de inestabilidad de la energ\u00eda y otras funciones.<br \/>\n\u2022 Supervisi\u00f3n del uso de la bater\u00eda en tiempo real: Cuando los niveles de la bater\u00eda son insuficientes, la pantalla TFT emite un aviso de baja potencia.<br \/>\n\u2022 Presenta un gr\u00e1fico de observaci\u00f3n<\/p>","protected":false},"featured_media":4208,"comment_status":"open","ping_status":"closed","template":"","meta":[],"product_brand":[],"product_cat":[106],"product_tag":[136],"class_list":{"0":"post-4209","1":"product","2":"type-product","3":"status-publish","4":"has-post-thumbnail","6":"product_cat-monitoreo-de-pacientes","7":"product_tag-advanced","9":"first","10":"instock","11":"shipping-taxable","12":"purchasable","13":"product-type-simple"},"_links":{"self":[{"href":"https:\/\/suquir.com.ve\/en\/wp-json\/wp\/v2\/product\/4209","targetHints":{"allow":["GET"]}}],"collection":[{"href":"https:\/\/suquir.com.ve\/en\/wp-json\/wp\/v2\/product"}],"about":[{"href":"https:\/\/suquir.com.ve\/en\/wp-json\/wp\/v2\/types\/product"}],"replies":[{"embeddable":true,"href":"https:\/\/suquir.com.ve\/en\/wp-json\/wp\/v2\/comments?post=4209"}],"wp:featuredmedia":[{"embeddable":true,"href":"https:\/\/suquir.com.ve\/en\/wp-json\/wp\/v2\/media\/4208"}],"wp:attachment":[{"href":"https:\/\/suquir.com.ve\/en\/wp-json\/wp\/v2\/media?parent=4209"}],"wp:term":[{"taxonomy":"product_brand","embeddable":true,"href":"https:\/\/suquir.com.ve\/en\/wp-json\/wp\/v2\/product_brand?post=4209"},{"taxonomy":"product_cat","embeddable":true,"href":"https:\/\/suquir.com.ve\/en\/wp-json\/wp\/v2\/product_cat?post=4209"},{"taxonomy":"product_tag","embeddable":true,"href":"https:\/\/suquir.com.ve\/en\/wp-json\/wp\/v2\/product_tag?post=4209"}],"curies":[{"name":"wp","href":"https:\/\/api.w.org\/{rel}","templated":true}]}}