{"id":4211,"date":"2025-06-18T15:22:55","date_gmt":"2025-06-18T15:22:55","guid":{"rendered":"https:\/\/suquir.com.ve\/producto\/desfibrilador-hd-8000d\/"},"modified":"2025-07-19T01:46:46","modified_gmt":"2025-07-19T01:46:46","slug":"desfibrilador-hd-8000d","status":"publish","type":"product","link":"https:\/\/suquir.com.ve\/en\/product\/desfibrilador-hd-8000d\/","title":{"rendered":"DESFIBRILADOR HD-8000D"},"content":{"rendered":"","protected":false},"excerpt":{"rendered":"<p>Marca: Perlong Medical Equipment<br \/>\nModelo: HD-8000D<\/p>\n<p>Caracter\u00edsticas:<br \/>\nDesfibrilador tipo Manual Sincronizado, Asincronizado.<br \/>\nPrecisi\u00f3n de la energ\u00eda: +1%.<br \/>\nSelecci\u00f3n de energ\u00eda: 0, 3, 5, 7, 10, 20, 30, 50, 100, 200, 300, 360 julios (nominal a una resistencia de 50).<br \/>\nTiempo de carga M\u00e1ximo: 10 segundos a 360 julios.<br \/>\nPalas est\u00e1ndar para adultos\/pedi\u00e1trico: Palas externas reutilizables para adultos (palas pedi\u00e1tricas integradas).<br \/>\nRequisitos de alimentaci\u00f3n: Alimentaci\u00f3n de CA 100V~240V,50Hz\/60 Hz, Tensi\u00f3n del veh\u00edculo (opcional) DC 12V.<br \/>\nBater\u00eda interna de respaldo: Tipo de bater\u00eda Bater\u00eda de plomo recargable (12V 2.0Ah X2).<br \/>\nTiempo de carga: Tiempo-M\u00ednimo de 4 horas para la carga completa.<br \/>\nCarga de la bater\u00eda: Durante el funcionamiento de la fuente de alimentaci\u00f3n de CA del dispositivo.<br \/>\nIndicaci\u00f3n de carga \/ bater\u00eda baja: LED rojo.<br \/>\nCapacidad de la bater\u00eda: El 100% de la bater\u00eda proporcionar\u00e1 una monitorizaci\u00f3n de 120 minutos; y 30 descargas a 360 julios.<br \/>\nPantalla: Dimensiones del LCD 7 pulgadas.<br \/>\nTipo: Gr\u00e1ficos de alta resoluci\u00f3n en color real.<br \/>\nResoluci\u00f3n: 480X234.<br \/>\nECG Derivaci\u00f3n de ECG I, II, III. AVR, AVL, AVF, V1\udbc0\ude99V6.<br \/>\nAn\u00e1lisis del segmento: S-T -2.0~2.0mv.<br \/>\nAn\u00e1lisis de arritmias: S\u00ed.<br \/>\nProtecci\u00f3n Con soporte 4000vAc\/50Hz de voltaje en aislamiento y trabajo contra cuchillo electroquir\u00fargico y desfibrilaci\u00f3n.<br \/>\nRespiraci\u00f3n: M\u00e9todo de medici\u00f3n Impedancia tor\u00e1cica.<br \/>\nPar\u00e1metro y configuraci\u00f3n: Est\u00e1ndar ECG\/ RESP\/ DESFIBRILADOR.<br \/>\nPar\u00e1metro opcional: Registrador, bater\u00eda de iones de litio (11,1V 4Ah X2).<\/p>","protected":false},"featured_media":4210,"comment_status":"open","ping_status":"closed","template":"","meta":[],"product_brand":[],"product_cat":[106],"product_tag":[136],"class_list":{"0":"post-4211","1":"product","2":"type-product","3":"status-publish","4":"has-post-thumbnail","6":"product_cat-monitoreo-de-pacientes","7":"product_tag-advanced","9":"first","10":"instock","11":"shipping-taxable","12":"purchasable","13":"product-type-simple"},"_links":{"self":[{"href":"https:\/\/suquir.com.ve\/en\/wp-json\/wp\/v2\/product\/4211","targetHints":{"allow":["GET"]}}],"collection":[{"href":"https:\/\/suquir.com.ve\/en\/wp-json\/wp\/v2\/product"}],"about":[{"href":"https:\/\/suquir.com.ve\/en\/wp-json\/wp\/v2\/types\/product"}],"replies":[{"embeddable":true,"href":"https:\/\/suquir.com.ve\/en\/wp-json\/wp\/v2\/comments?post=4211"}],"wp:featuredmedia":[{"embeddable":true,"href":"https:\/\/suquir.com.ve\/en\/wp-json\/wp\/v2\/media\/4210"}],"wp:attachment":[{"href":"https:\/\/suquir.com.ve\/en\/wp-json\/wp\/v2\/media?parent=4211"}],"wp:term":[{"taxonomy":"product_brand","embeddable":true,"href":"https:\/\/suquir.com.ve\/en\/wp-json\/wp\/v2\/product_brand?post=4211"},{"taxonomy":"product_cat","embeddable":true,"href":"https:\/\/suquir.com.ve\/en\/wp-json\/wp\/v2\/product_cat?post=4211"},{"taxonomy":"product_tag","embeddable":true,"href":"https:\/\/suquir.com.ve\/en\/wp-json\/wp\/v2\/product_tag?post=4211"}],"curies":[{"name":"wp","href":"https:\/\/api.w.org\/{rel}","templated":true}]}}