{"id":4215,"date":"2025-06-18T15:24:36","date_gmt":"2025-06-18T15:24:36","guid":{"rendered":"https:\/\/suquir.com.ve\/producto\/unidad-electroquirurgica-pt-2000\/"},"modified":"2025-07-19T02:05:55","modified_gmt":"2025-07-19T02:05:55","slug":"unidad-electroquirurgica-pt-2000","status":"publish","type":"product","link":"https:\/\/suquir.com.ve\/en\/product\/unidad-electroquirurgica-pt-2000\/","title":{"rendered":"UNIDAD ELECTROQUIR\u00daRGICA PT 2000"},"content":{"rendered":"","protected":false},"excerpt":{"rendered":"<p>Marca: Perlong Medical<br \/>\nModelo: PT 2000<\/p>\n<p>Caracter\u00edstica:<br \/>\n\u2022 Modos de trabajo: Corte, coagulaci\u00f3n, mezcla de corte y coagulaci\u00f3n, bipolar.<br \/>\n\u2022 Amplia aplicaciones cl\u00ednicas, como la cirug\u00eda general, cirug\u00eda tor\u00e1cica, traumatolog\u00eda, cardiolog\u00eda, ginecolog\u00eda, urolog\u00eda (bajo el agua TUR), neurocirug\u00eda, oncolog\u00eda, entre otros.<br \/>\n\u2022 Protecci\u00f3n contra sobretensi\u00f3n y el exceso de corriente, controlado tanto por las manos como por los pies.<br \/>\n\u2022 Pantalla de alimentaci\u00f3n separada y toma de corriente para corte mono-polar, coaxial mono-polar, corte bipolar y  coaxial bipolar, cada salida se puede configurar individualmente.<br \/>\n\u2022 Protecci\u00f3n contra sobretensi\u00f3n y sobrecorriente.<br \/>\n\u2022 Desfibrilaci\u00f3n protegido.<br \/>\n\u2022 Cumple los requisitos de normas internacionales de seguridad EN60601-1 y EN60601-2<br \/>\n\u2022 Energ\u00eda: 220V \u00f7 22V 50Hz + 1Hz(110V 11V 60Hz).<br \/>\n\u2022 Frecuencia de funcionamiento: 416KHz.<br \/>\n\u2022 Potencia nominal: 1100VA \u00f7 10%.<br \/>\n\u2022 Cinco modos de trabajo:<\/p>\n<p>Monopolar de corte:<br \/>\nA) Corte (corte puro): 1W ~ 300W (carga 500).<br \/>\nB) Corte sin sangre (Blendl): 1W ~ 200W (carga 5005) Monopolar Coag.<br \/>\nC) Coagulationl (a Coag): IW ~ 150W (carga 5002).<br \/>\nD) Coagulaci\u00f3n 2 (coaxial suave): 1W ~ 120W (carga 500) -Bipolar.<br \/>\nB) Coagulaci\u00f3n Bipolar: 1W ~ 50W (carga 100).<\/p>","protected":false},"featured_media":4214,"comment_status":"open","ping_status":"closed","template":"","meta":[],"product_brand":[],"product_cat":[105],"product_tag":[136],"class_list":{"0":"post-4215","1":"product","2":"type-product","3":"status-publish","4":"has-post-thumbnail","6":"product_cat-quirofano","7":"product_tag-advanced","9":"first","10":"instock","11":"shipping-taxable","12":"purchasable","13":"product-type-simple"},"_links":{"self":[{"href":"https:\/\/suquir.com.ve\/en\/wp-json\/wp\/v2\/product\/4215","targetHints":{"allow":["GET"]}}],"collection":[{"href":"https:\/\/suquir.com.ve\/en\/wp-json\/wp\/v2\/product"}],"about":[{"href":"https:\/\/suquir.com.ve\/en\/wp-json\/wp\/v2\/types\/product"}],"replies":[{"embeddable":true,"href":"https:\/\/suquir.com.ve\/en\/wp-json\/wp\/v2\/comments?post=4215"}],"wp:featuredmedia":[{"embeddable":true,"href":"https:\/\/suquir.com.ve\/en\/wp-json\/wp\/v2\/media\/4214"}],"wp:attachment":[{"href":"https:\/\/suquir.com.ve\/en\/wp-json\/wp\/v2\/media?parent=4215"}],"wp:term":[{"taxonomy":"product_brand","embeddable":true,"href":"https:\/\/suquir.com.ve\/en\/wp-json\/wp\/v2\/product_brand?post=4215"},{"taxonomy":"product_cat","embeddable":true,"href":"https:\/\/suquir.com.ve\/en\/wp-json\/wp\/v2\/product_cat?post=4215"},{"taxonomy":"product_tag","embeddable":true,"href":"https:\/\/suquir.com.ve\/en\/wp-json\/wp\/v2\/product_tag?post=4215"}],"curies":[{"name":"wp","href":"https:\/\/api.w.org\/{rel}","templated":true}]}}