{"id":4217,"date":"2025-06-18T15:24:39","date_gmt":"2025-06-18T15:24:39","guid":{"rendered":"https:\/\/suquir.com.ve\/producto\/coledoscopio-flexible-gbs-6\/"},"modified":"2025-07-19T01:58:05","modified_gmt":"2025-07-19T01:58:05","slug":"coledoscopio-flexible-gbs-6","status":"publish","type":"product","link":"https:\/\/suquir.com.ve\/en\/product\/coledoscopio-flexible-gbs-6\/","title":{"rendered":"COLEDOSCOPIO FLEXIBLE GBS-6"},"content":{"rendered":"","protected":false},"excerpt":{"rendered":"<p>Marca: Perlong Medical<br \/>\nModelo: GBS-6<\/p>\n<p>\u2022 L\u00e1mpara de luz LED (80W blanca).<br \/>\n\u2022 Potencia: 220-240V; 50Hz.<br \/>\n\u2022 Temperatura de color: \u22655300K.<br \/>\n\u2022 Iluminaci\u00f3n: 140000lx.<br \/>\n\u2022 Brillo: nivel ajustable del 0 al 10.<br \/>\n\u2022 Salida de se\u00f1al de v\u00eddeo: HDMI x2, VGA.<br \/>\n\u2022 Presi\u00f3n de la bomba de aire: 30-60Mpk.<br \/>\n\u2022 Potencia de la bomba de aire: 3 niveles ajustables fuerte \/ media \/ d\u00e9bil.<br \/>\n\u2022 Flujo de aire: 4-10 L\/min.<br \/>\n\u2022 Ajuste de nitidez: Admite modos autom\u00e1tico y el modo manual se ajusta del 0 al 10.<br \/>\n\u2022 Balance: Admite 4 tipos de selecci\u00f3n de par\u00e1metros de balance de blancos fijos, modo de balance de blancos<br \/>\ndin\u00e1mico en tiempo real y modo de configuraci\u00f3n de par\u00e1metros de balance de blancos manual, o balance de<br \/>\nblancos con un clic.<br \/>\n\u2022 Funci\u00f3n de ganancia: Admite modos autom\u00e1tico y el modo manual admite ajuste de ganancia de nivel 0-16 y ajuste de tiempo de exposici\u00f3n de nivel 0-30.<br \/>\n\u2022 Mejora vascular: Aumenta la claridad vascular.<br \/>\n\u2022 Amplificaci\u00f3n electr\u00f3nica: 4 velocidades (1.2 \/1.5\/ 1,7 \/ 2,0).<br \/>\n\u2022 Correcci\u00f3n de punto malo: Admite correcci\u00f3n de punto malo de imagen de nivel 0-6.<\/p>\n<p>Monitor<br \/>\n\u2022 Tama\u00f1o de pantalla: 24\u201d.<br \/>\n\u2022 Resoluci\u00f3n: 1920X1080.<br \/>\n\u2022 Relaci\u00f3n de visualizaci\u00f3n: 16:9.<br \/>\n\u2022 Color: 16,7 M.<br \/>\n\u2022 Brillo de c\u00e1mara: 180\u00b110 cd\/m2.<br \/>\n\u2022 Brillo m\u00e1ximo: 250 cd\/m2.<\/p>","protected":false},"featured_media":4469,"comment_status":"open","ping_status":"closed","template":"","meta":[],"product_brand":[],"product_cat":[105],"product_tag":[136],"class_list":{"0":"post-4217","1":"product","2":"type-product","3":"status-publish","4":"has-post-thumbnail","6":"product_cat-quirofano","7":"product_tag-advanced","9":"first","10":"instock","11":"shipping-taxable","12":"purchasable","13":"product-type-simple"},"_links":{"self":[{"href":"https:\/\/suquir.com.ve\/en\/wp-json\/wp\/v2\/product\/4217","targetHints":{"allow":["GET"]}}],"collection":[{"href":"https:\/\/suquir.com.ve\/en\/wp-json\/wp\/v2\/product"}],"about":[{"href":"https:\/\/suquir.com.ve\/en\/wp-json\/wp\/v2\/types\/product"}],"replies":[{"embeddable":true,"href":"https:\/\/suquir.com.ve\/en\/wp-json\/wp\/v2\/comments?post=4217"}],"wp:featuredmedia":[{"embeddable":true,"href":"https:\/\/suquir.com.ve\/en\/wp-json\/wp\/v2\/media\/4469"}],"wp:attachment":[{"href":"https:\/\/suquir.com.ve\/en\/wp-json\/wp\/v2\/media?parent=4217"}],"wp:term":[{"taxonomy":"product_brand","embeddable":true,"href":"https:\/\/suquir.com.ve\/en\/wp-json\/wp\/v2\/product_brand?post=4217"},{"taxonomy":"product_cat","embeddable":true,"href":"https:\/\/suquir.com.ve\/en\/wp-json\/wp\/v2\/product_cat?post=4217"},{"taxonomy":"product_tag","embeddable":true,"href":"https:\/\/suquir.com.ve\/en\/wp-json\/wp\/v2\/product_tag?post=4217"}],"curies":[{"name":"wp","href":"https:\/\/api.w.org\/{rel}","templated":true}]}}