{"id":4219,"date":"2025-06-18T15:24:43","date_gmt":"2025-06-18T15:24:43","guid":{"rendered":"https:\/\/suquir.com.ve\/producto\/laringoscopio-pediatrico\/"},"modified":"2025-07-19T01:11:22","modified_gmt":"2025-07-19T01:11:22","slug":"laringoscopio-pediatrico","status":"publish","type":"product","link":"https:\/\/suquir.com.ve\/en\/product\/laringoscopio-pediatrico\/","title":{"rendered":"LARINGOSCOPIO PEDI\u00c1TRICO"},"content":{"rendered":"","protected":false},"excerpt":{"rendered":"<p>Marca: Perlong Medical<\/p>\n<p>\u00a1V\u00edas a\u00e9reas seguras para los m\u00e1s peque\u00f1os!<br \/>\nEste kit de laringoscopio pedi\u00e1trico incluye todo lo necesario para procedimientos de intubaci\u00f3n y examen lar\u00edngeo en ni\u00f1os.<\/p>\n<p>Viene con un mango ergon\u00f3mico y hojas Miller rectas de diferentes tama\u00f1os, dise\u00f1adas para adaptarse a la anatom\u00eda pedi\u00e1trica.<\/p>\n<p>\u00a1Garantiza la seguridad y comodidad de tus pacientes pedi\u00e1tricos con este equipo de alta calidad!<\/p>","protected":false},"featured_media":4218,"comment_status":"open","ping_status":"closed","template":"","meta":[],"product_brand":[],"product_cat":[122,121],"product_tag":[136],"class_list":{"0":"post-4219","1":"product","2":"type-product","3":"status-publish","4":"has-post-thumbnail","6":"product_cat-hospitalizacion","7":"product_cat-mobiliario-clinico","8":"product_tag-advanced","10":"first","11":"instock","12":"shipping-taxable","13":"purchasable","14":"product-type-simple"},"_links":{"self":[{"href":"https:\/\/suquir.com.ve\/en\/wp-json\/wp\/v2\/product\/4219","targetHints":{"allow":["GET"]}}],"collection":[{"href":"https:\/\/suquir.com.ve\/en\/wp-json\/wp\/v2\/product"}],"about":[{"href":"https:\/\/suquir.com.ve\/en\/wp-json\/wp\/v2\/types\/product"}],"replies":[{"embeddable":true,"href":"https:\/\/suquir.com.ve\/en\/wp-json\/wp\/v2\/comments?post=4219"}],"wp:featuredmedia":[{"embeddable":true,"href":"https:\/\/suquir.com.ve\/en\/wp-json\/wp\/v2\/media\/4218"}],"wp:attachment":[{"href":"https:\/\/suquir.com.ve\/en\/wp-json\/wp\/v2\/media?parent=4219"}],"wp:term":[{"taxonomy":"product_brand","embeddable":true,"href":"https:\/\/suquir.com.ve\/en\/wp-json\/wp\/v2\/product_brand?post=4219"},{"taxonomy":"product_cat","embeddable":true,"href":"https:\/\/suquir.com.ve\/en\/wp-json\/wp\/v2\/product_cat?post=4219"},{"taxonomy":"product_tag","embeddable":true,"href":"https:\/\/suquir.com.ve\/en\/wp-json\/wp\/v2\/product_tag?post=4219"}],"curies":[{"name":"wp","href":"https:\/\/api.w.org\/{rel}","templated":true}]}}