{"id":4221,"date":"2025-06-18T15:24:46","date_gmt":"2025-06-18T15:24:46","guid":{"rendered":"https:\/\/suquir.com.ve\/producto\/laringoscopio-adulto\/"},"modified":"2025-07-19T01:11:11","modified_gmt":"2025-07-19T01:11:11","slug":"laringoscopio-adulto","status":"publish","type":"product","link":"https:\/\/suquir.com.ve\/en\/product\/laringoscopio-adulto\/","title":{"rendered":"LARINGOSCOPIO ADULTO"},"content":{"rendered":"","protected":false},"excerpt":{"rendered":"<p>Marca: Perlong Medical<\/p>\n<p>\u00a1Ideal para profesionales!<\/p>\n<p>Material de las hojas: Acero inoxidable, para facilitar la limpieza y esterilizaci\u00f3n.<br \/>\nMango: Ergon\u00f3mico y compatible con las hojas Macintosh.<br \/>\nEstuche: para su almacenamiento y transporte.<\/p>\n<p>Informaci\u00f3n adicional:<br \/>\nLas hojas Macintosh son cur vadas y se utilizan para desplazar la lengua y la epiglotis, facilitando la visualizaci\u00f3n de la laringe.<br \/>\nUso de bater\u00edas, para alimentar la fuente de luz, que proporciona la iluminaci\u00f3n necesaria para visualizar la laringe y realizar cualquier tipo de procedimiento m\u00e9dico, desde intubaci\u00f3n, diagn\u00f3stico, entre otros.<\/p>","protected":false},"featured_media":4220,"comment_status":"open","ping_status":"closed","template":"","meta":[],"product_brand":[],"product_cat":[122,121],"product_tag":[136],"class_list":{"0":"post-4221","1":"product","2":"type-product","3":"status-publish","4":"has-post-thumbnail","6":"product_cat-hospitalizacion","7":"product_cat-mobiliario-clinico","8":"product_tag-advanced","10":"first","11":"instock","12":"shipping-taxable","13":"purchasable","14":"product-type-simple"},"_links":{"self":[{"href":"https:\/\/suquir.com.ve\/en\/wp-json\/wp\/v2\/product\/4221","targetHints":{"allow":["GET"]}}],"collection":[{"href":"https:\/\/suquir.com.ve\/en\/wp-json\/wp\/v2\/product"}],"about":[{"href":"https:\/\/suquir.com.ve\/en\/wp-json\/wp\/v2\/types\/product"}],"replies":[{"embeddable":true,"href":"https:\/\/suquir.com.ve\/en\/wp-json\/wp\/v2\/comments?post=4221"}],"wp:featuredmedia":[{"embeddable":true,"href":"https:\/\/suquir.com.ve\/en\/wp-json\/wp\/v2\/media\/4220"}],"wp:attachment":[{"href":"https:\/\/suquir.com.ve\/en\/wp-json\/wp\/v2\/media?parent=4221"}],"wp:term":[{"taxonomy":"product_brand","embeddable":true,"href":"https:\/\/suquir.com.ve\/en\/wp-json\/wp\/v2\/product_brand?post=4221"},{"taxonomy":"product_cat","embeddable":true,"href":"https:\/\/suquir.com.ve\/en\/wp-json\/wp\/v2\/product_cat?post=4221"},{"taxonomy":"product_tag","embeddable":true,"href":"https:\/\/suquir.com.ve\/en\/wp-json\/wp\/v2\/product_tag?post=4221"}],"curies":[{"name":"wp","href":"https:\/\/api.w.org\/{rel}","templated":true}]}}