{"id":4223,"date":"2025-06-18T15:24:50","date_gmt":"2025-06-18T15:24:50","guid":{"rendered":"https:\/\/suquir.com.ve\/producto\/dermatomo-electrico-mt-q1\/"},"modified":"2025-07-19T01:59:44","modified_gmt":"2025-07-19T01:59:44","slug":"dermatomo-electrico-mt-q1","status":"publish","type":"product","link":"https:\/\/suquir.com.ve\/en\/product\/dermatomo-electrico-mt-q1\/","title":{"rendered":"DERMATOMO EL\u00c9CTRICO MT-Q1"},"content":{"rendered":"","protected":false},"excerpt":{"rendered":"<p>Marca: Perlong Medical<br \/>\nModelo: MT-Q1<\/p>\n<p>Grosor del injerto de piel: 0-0,75 mm en incrementos de 0,05 mm, el bot\u00f3n de ajuste del grosor de la piel es un ajuste unilateral, con alta estabilidad y sin necesidad de calibrar a cero.<\/p>\n<p>Ancho del injerto de piel: 2,5-10,2 cm, 4 placas de ancho de tama\u00f1o: 2,5 cm, 5,1 cm, 7,6 cm, 10,2 cm.<\/p>\n<p>La cuchilla tiene funci\u00f3n autolubricante y es f\u00e1cil de cargar y descargar. Puede retroceder y adelante suavemente para evitar coliciones metal con metal.<\/p>\n<p>Motor original importado, el motor el\u00e9ctrico de baja inercia apenas producir\u00e1 vibraciones al girar.<\/p>\n<p>Control de mano, f\u00e1cil de operar; manejar con dise\u00f1o de interruptor de contacto,<br \/>\nseguridad de uso.<\/p>\n<p>Modo de esterilizaci\u00f3n: la esterilizaci\u00f3n con vapor de desplazamiento por gravedad y vac\u00edo previo o la esterilizaci\u00f3n con plasma a baja temperatura se pueden realizar en toda la m\u00e1quina y el cable de alimentaci\u00f3n, el cable de alimentaci\u00f3n se puede tirar y enchufar.<\/p>\n<p>\u2022 Temperatura ambiente m\u00e1xima de funcionamiento: 31 \u00b0C.<br \/>\n\u2022 Placas de 4 tama\u00f1os de ancho: 25 mm, 51 mm, 76 mm, 102 mm.<br \/>\n\u2022 Caja de esterilizaci\u00f3n (Autoclave).<br \/>\n\u2022 Peso: 0,85 kg.<br \/>\n\u2022 Longitud: 250 mm.<br \/>\n\u2022 Altura: 100 mm.<br \/>\n\u2022 Ancho: 250 mm.<br \/>\n\u2022 Voltaje: 100-24Ov.<br \/>\n\u2022 Potencia: 150 va.<br \/>\n\u2022 Frecuencia: 50Hz.<br \/>\n\u2022 Potencia de salida: 14.5V DC, 4.5A.<\/p>","protected":false},"featured_media":4468,"comment_status":"open","ping_status":"closed","template":"","meta":[],"product_brand":[],"product_cat":[105],"product_tag":[136],"class_list":{"0":"post-4223","1":"product","2":"type-product","3":"status-publish","4":"has-post-thumbnail","6":"product_cat-quirofano","7":"product_tag-advanced","9":"first","10":"instock","11":"shipping-taxable","12":"purchasable","13":"product-type-simple"},"_links":{"self":[{"href":"https:\/\/suquir.com.ve\/en\/wp-json\/wp\/v2\/product\/4223","targetHints":{"allow":["GET"]}}],"collection":[{"href":"https:\/\/suquir.com.ve\/en\/wp-json\/wp\/v2\/product"}],"about":[{"href":"https:\/\/suquir.com.ve\/en\/wp-json\/wp\/v2\/types\/product"}],"replies":[{"embeddable":true,"href":"https:\/\/suquir.com.ve\/en\/wp-json\/wp\/v2\/comments?post=4223"}],"wp:featuredmedia":[{"embeddable":true,"href":"https:\/\/suquir.com.ve\/en\/wp-json\/wp\/v2\/media\/4468"}],"wp:attachment":[{"href":"https:\/\/suquir.com.ve\/en\/wp-json\/wp\/v2\/media?parent=4223"}],"wp:term":[{"taxonomy":"product_brand","embeddable":true,"href":"https:\/\/suquir.com.ve\/en\/wp-json\/wp\/v2\/product_brand?post=4223"},{"taxonomy":"product_cat","embeddable":true,"href":"https:\/\/suquir.com.ve\/en\/wp-json\/wp\/v2\/product_cat?post=4223"},{"taxonomy":"product_tag","embeddable":true,"href":"https:\/\/suquir.com.ve\/en\/wp-json\/wp\/v2\/product_tag?post=4223"}],"curies":[{"name":"wp","href":"https:\/\/api.w.org\/{rel}","templated":true}]}}