{"id":4225,"date":"2025-06-18T15:24:53","date_gmt":"2025-06-18T15:24:53","guid":{"rendered":"https:\/\/suquir.com.ve\/producto\/incubadora-de-traslado-b-3000\/"},"modified":"2025-07-19T01:54:51","modified_gmt":"2025-07-19T01:54:51","slug":"incubadora-de-traslado-b-3000","status":"publish","type":"product","link":"https:\/\/suquir.com.ve\/en\/product\/incubadora-de-traslado-b-3000\/","title":{"rendered":"INCUBADORA DE TRASLADO B-3000"},"content":{"rendered":"","protected":false},"excerpt":{"rendered":"<p>Marca: Perlong Medical<br \/>\nModelo: B-3000<\/p>\n<p>Modo de servocontrol:<br \/>\nTemperatura del aire, temperatura de la piel, humedad de la pantalla.<\/p>\n<p>Visualizaci\u00f3n de par\u00e1metros:<br \/>\nTemperatura establecida, temperatura del aire, temperatura de la piel, humedad interna, tasa de potencia calor\u00edfica.<\/p>\n<p>Alarmas audibles y visuales:<br \/>\nPowerfailure, fallo del sensor, mayor y menor temperatura, anulaci\u00f3n de la temperatura del aire y de la piel, fallo del ventilador, fallo del sistema.<\/p>\n<p>37\u00b0 Modo de preselecci\u00f3n:<br \/>\nMemoria de restablecimiento de fallo de alimentaci\u00f3n, silencio de alarma, bloqueo del teclado, funci\u00f3n de autocomprobaci\u00f3n.<\/p>\n<p>Capucha con doble pendiente: 6 puertos de mano.<\/p>\n<p>Conector de salida RS-232 (uso para el sistema de redes).<\/p>\n<p>Un paral para IV.<\/p>\n<p>Barandilla de protecci\u00f3n.<\/p>\n<p>Armarios de almacenamiento.<\/p>","protected":false},"featured_media":4224,"comment_status":"open","ping_status":"closed","template":"","meta":[],"product_brand":[],"product_cat":[140],"product_tag":[136],"class_list":{"0":"post-4225","1":"product","2":"type-product","3":"status-publish","4":"has-post-thumbnail","6":"product_cat-pediatria","7":"product_tag-advanced","9":"first","10":"instock","11":"shipping-taxable","12":"purchasable","13":"product-type-simple"},"_links":{"self":[{"href":"https:\/\/suquir.com.ve\/en\/wp-json\/wp\/v2\/product\/4225","targetHints":{"allow":["GET"]}}],"collection":[{"href":"https:\/\/suquir.com.ve\/en\/wp-json\/wp\/v2\/product"}],"about":[{"href":"https:\/\/suquir.com.ve\/en\/wp-json\/wp\/v2\/types\/product"}],"replies":[{"embeddable":true,"href":"https:\/\/suquir.com.ve\/en\/wp-json\/wp\/v2\/comments?post=4225"}],"wp:featuredmedia":[{"embeddable":true,"href":"https:\/\/suquir.com.ve\/en\/wp-json\/wp\/v2\/media\/4224"}],"wp:attachment":[{"href":"https:\/\/suquir.com.ve\/en\/wp-json\/wp\/v2\/media?parent=4225"}],"wp:term":[{"taxonomy":"product_brand","embeddable":true,"href":"https:\/\/suquir.com.ve\/en\/wp-json\/wp\/v2\/product_brand?post=4225"},{"taxonomy":"product_cat","embeddable":true,"href":"https:\/\/suquir.com.ve\/en\/wp-json\/wp\/v2\/product_cat?post=4225"},{"taxonomy":"product_tag","embeddable":true,"href":"https:\/\/suquir.com.ve\/en\/wp-json\/wp\/v2\/product_tag?post=4225"}],"curies":[{"name":"wp","href":"https:\/\/api.w.org\/{rel}","templated":true}]}}