{"id":4231,"date":"2025-06-18T15:25:05","date_gmt":"2025-06-18T15:25:05","guid":{"rendered":"https:\/\/suquir.com.ve\/producto\/flujometro-humificador-hp906\/"},"modified":"2025-07-19T01:10:13","modified_gmt":"2025-07-19T01:10:13","slug":"flujometro-humificador-hp906","status":"publish","type":"product","link":"https:\/\/suquir.com.ve\/en\/product\/flujometro-humificador-hp906\/","title":{"rendered":"FLUJ\u00d3METRO + HUMIFICADOR HP906"},"content":{"rendered":"","protected":false},"excerpt":{"rendered":"<p>Marca: Perlong Medical<br \/>\nModelo: HP906<\/p>\n<p>El dispositivo m\u00e9dico est\u00e1 conectado con un sistema de distribuci\u00f3n de gases medicinales para ajustar y medir el flujo de gas.<\/p>\n<p>\u2022 Norma: La directiva 93\/42\/CEE sobre productos sanitarios.<br \/>\n\u2022 ISO 15002-2008.<br \/>\n\u2022 Tipo de gas: Ox\u00edgeno (02).<br \/>\n\u2022 Presi\u00f3n de entrada: 4,5 bar (ISO) \/ 50 psi (EE. UU.) \/ 0,3 MPa (ASIA) opcional.<br \/>\n\u2022 Rosca del tornillo de conexi\u00f3n: UNF9 \/ 16- 18 \u00ab\/ M12 * 1.25 mm \/ G3 \/ 8-19\u00bb.<br \/>\n\u2022 Capacidad del humidificador: 170 ml \/ 200 ml \/ 250 ml.<br \/>\n\u2022 Caudales: Opcional (Tabla 1).<br \/>\n\u2022 Precisi\u00f3n de flujo: 4 clases de escala completa.<br \/>\n\u2022 Temperatura de funcionamiento: 0-40\u00b0C.<\/p>","protected":false},"featured_media":4230,"comment_status":"open","ping_status":"closed","template":"","meta":[],"product_brand":[],"product_cat":[122,121],"product_tag":[136],"class_list":{"0":"post-4231","1":"product","2":"type-product","3":"status-publish","4":"has-post-thumbnail","6":"product_cat-hospitalizacion","7":"product_cat-mobiliario-clinico","8":"product_tag-advanced","10":"first","11":"instock","12":"shipping-taxable","13":"purchasable","14":"product-type-simple"},"_links":{"self":[{"href":"https:\/\/suquir.com.ve\/en\/wp-json\/wp\/v2\/product\/4231","targetHints":{"allow":["GET"]}}],"collection":[{"href":"https:\/\/suquir.com.ve\/en\/wp-json\/wp\/v2\/product"}],"about":[{"href":"https:\/\/suquir.com.ve\/en\/wp-json\/wp\/v2\/types\/product"}],"replies":[{"embeddable":true,"href":"https:\/\/suquir.com.ve\/en\/wp-json\/wp\/v2\/comments?post=4231"}],"wp:featuredmedia":[{"embeddable":true,"href":"https:\/\/suquir.com.ve\/en\/wp-json\/wp\/v2\/media\/4230"}],"wp:attachment":[{"href":"https:\/\/suquir.com.ve\/en\/wp-json\/wp\/v2\/media?parent=4231"}],"wp:term":[{"taxonomy":"product_brand","embeddable":true,"href":"https:\/\/suquir.com.ve\/en\/wp-json\/wp\/v2\/product_brand?post=4231"},{"taxonomy":"product_cat","embeddable":true,"href":"https:\/\/suquir.com.ve\/en\/wp-json\/wp\/v2\/product_cat?post=4231"},{"taxonomy":"product_tag","embeddable":true,"href":"https:\/\/suquir.com.ve\/en\/wp-json\/wp\/v2\/product_tag?post=4231"}],"curies":[{"name":"wp","href":"https:\/\/api.w.org\/{rel}","templated":true}]}}