{"id":4233,"date":"2025-06-18T15:25:08","date_gmt":"2025-06-18T15:25:08","guid":{"rendered":"https:\/\/suquir.com.ve\/producto\/flujometro-doble-pared\/"},"modified":"2025-07-19T01:09:25","modified_gmt":"2025-07-19T01:09:25","slug":"flujometro-doble-pared","status":"publish","type":"product","link":"https:\/\/suquir.com.ve\/en\/product\/flujometro-doble-pared\/","title":{"rendered":"FLUJ\u00d3METRO DOBLE PARED"},"content":{"rendered":"","protected":false},"excerpt":{"rendered":"<p>Marca: Perlong Medical<\/p>\n<p>El fluj\u00f3metro doble ahorra espacio, reduce los costos de construcci\u00f3n, y garantiza al personal de atenci\u00f3n m\u00e9dica contar siempre con un fluj\u00f3metro cuando se necesita.<\/p>\n<p>Caracter\u00edsticas:<br \/>\n\u2022 Cuerpo fabricado en barra de lat\u00f3n cubierto con n\u00edquel&gt;40<br \/>\ny acabado en cromo.<br \/>\n\u2022 Cubierta y tubo c\u00f3nico inyectados en policarbonato de alto impacto.<br \/>\n\u2022 Barra s\u00f3lida y exterior cromado.<br \/>\n\u2022 Doble fluj\u00f3metro de bajo flujo.<br \/>\n\u2022 Conector a pared tipo Chemetron.<br \/>\n\u2022 Escala de 0,5 &#8211; 15 \/ Lts\/min.<br \/>\n\u2022 Presi\u00f3n de calibraci\u00f3n (psi): 50.<br \/>\n\u2022 Aplicaci\u00f3n: Ox\u00edgeno doble medicinal.<\/p>","protected":false},"featured_media":4232,"comment_status":"open","ping_status":"closed","template":"","meta":[],"product_brand":[],"product_cat":[122,121],"product_tag":[136],"class_list":{"0":"post-4233","1":"product","2":"type-product","3":"status-publish","4":"has-post-thumbnail","6":"product_cat-hospitalizacion","7":"product_cat-mobiliario-clinico","8":"product_tag-advanced","10":"first","11":"instock","12":"shipping-taxable","13":"purchasable","14":"product-type-simple"},"_links":{"self":[{"href":"https:\/\/suquir.com.ve\/en\/wp-json\/wp\/v2\/product\/4233","targetHints":{"allow":["GET"]}}],"collection":[{"href":"https:\/\/suquir.com.ve\/en\/wp-json\/wp\/v2\/product"}],"about":[{"href":"https:\/\/suquir.com.ve\/en\/wp-json\/wp\/v2\/types\/product"}],"replies":[{"embeddable":true,"href":"https:\/\/suquir.com.ve\/en\/wp-json\/wp\/v2\/comments?post=4233"}],"wp:featuredmedia":[{"embeddable":true,"href":"https:\/\/suquir.com.ve\/en\/wp-json\/wp\/v2\/media\/4232"}],"wp:attachment":[{"href":"https:\/\/suquir.com.ve\/en\/wp-json\/wp\/v2\/media?parent=4233"}],"wp:term":[{"taxonomy":"product_brand","embeddable":true,"href":"https:\/\/suquir.com.ve\/en\/wp-json\/wp\/v2\/product_brand?post=4233"},{"taxonomy":"product_cat","embeddable":true,"href":"https:\/\/suquir.com.ve\/en\/wp-json\/wp\/v2\/product_cat?post=4233"},{"taxonomy":"product_tag","embeddable":true,"href":"https:\/\/suquir.com.ve\/en\/wp-json\/wp\/v2\/product_tag?post=4233"}],"curies":[{"name":"wp","href":"https:\/\/api.w.org\/{rel}","templated":true}]}}