{"id":4237,"date":"2025-06-18T15:25:16","date_gmt":"2025-06-18T15:25:16","guid":{"rendered":"https:\/\/suquir.com.ve\/producto\/unidad-electro-quirurgica-con-plataforma-ligasure-rz-350\/"},"modified":"2025-07-19T02:07:25","modified_gmt":"2025-07-19T02:07:25","slug":"unidad-electro-quirurgica-con-plataforma-ligasure-rz-350","status":"publish","type":"product","link":"https:\/\/suquir.com.ve\/en\/product\/unidad-electro-quirurgica-con-plataforma-ligasure-rz-350\/","title":{"rendered":"UNIDAD ELECTRO-QUIR\u00daRGICA CON PLATAFORMA LIGASURE RZ 350"},"content":{"rendered":"","protected":false},"excerpt":{"rendered":"<p>Marca: Perlong Medical<br \/>\nModelo: RZ 350<\/p>\n<p>\u2022 Tecnolog\u00eda de compensaci\u00f3n de energ\u00eda inteligente: monitoreo en tiempo real de la resistencia del tejido y la potencia de salida real mediante microprocesadores de alta potencia.<\/p>\n<p>\u2022 Excelente rendimiento EMC, Grupo | Clase A, sin influencia en el trabajo de otros equipos.<\/p>\n<p>\u2022 Salida forma de suelo flotante completa. Equipo tipo CF, alto nivel de seguridad.<\/p>\n<p>\u2022 Tres pantallas t\u00e1ctiles LCD de alta definici\u00f3n de 5 pulgadas independientes el funcionamiento es intuitivo y sencillo.<\/p>\n<p>\u2022 Autocomprobaci\u00f3n en tiempo real mediante microprocesadores de alto c\u00e1lculo, completos sistemas de seguridad como alarma de placa de electrodos, alarma de corriente de fuga, etc., que garantizan plenamente la seguridad durante la operaci\u00f3n.<\/p>\n<p>Modos de trabajo de alta frecuencia<br \/>\n\u2022 Monopolar Corte Puro: 350W (carga 5000).<br \/>\n\u2022 Monopolar Blend Corte 1: 250W (carga 50052).<br \/>\n\u2022 Mezcla Monopolar corte 2: 150W (Carga 5002).<br \/>\n\u2022 Mezcla Monopolar corte 3: 100W (Carga 5002).<br \/>\n\u2022 Coagulaci\u00f3n Spray Monopolar: 80W (carga 20002).<br \/>\n\u2022 Coagulaci\u00f3n Forzada Monopolar: 120W (carga 2000).<br \/>\n\u2022 Coagulaci\u00f3n Soft Monopolar: 120W (carga 1252).<br \/>\n\u2022 Coagulaci\u00f3n bipolar est\u00e1ndar: 120W (carga 7502).<br \/>\n\u2022 Macro bipolar (tejido blando cerrado): 120W (carga 3000).<\/p>","protected":false},"featured_media":4236,"comment_status":"open","ping_status":"closed","template":"","meta":[],"product_brand":[],"product_cat":[105],"product_tag":[136],"class_list":{"0":"post-4237","1":"product","2":"type-product","3":"status-publish","4":"has-post-thumbnail","6":"product_cat-quirofano","7":"product_tag-advanced","9":"first","10":"instock","11":"shipping-taxable","12":"purchasable","13":"product-type-simple"},"_links":{"self":[{"href":"https:\/\/suquir.com.ve\/en\/wp-json\/wp\/v2\/product\/4237","targetHints":{"allow":["GET"]}}],"collection":[{"href":"https:\/\/suquir.com.ve\/en\/wp-json\/wp\/v2\/product"}],"about":[{"href":"https:\/\/suquir.com.ve\/en\/wp-json\/wp\/v2\/types\/product"}],"replies":[{"embeddable":true,"href":"https:\/\/suquir.com.ve\/en\/wp-json\/wp\/v2\/comments?post=4237"}],"wp:featuredmedia":[{"embeddable":true,"href":"https:\/\/suquir.com.ve\/en\/wp-json\/wp\/v2\/media\/4236"}],"wp:attachment":[{"href":"https:\/\/suquir.com.ve\/en\/wp-json\/wp\/v2\/media?parent=4237"}],"wp:term":[{"taxonomy":"product_brand","embeddable":true,"href":"https:\/\/suquir.com.ve\/en\/wp-json\/wp\/v2\/product_brand?post=4237"},{"taxonomy":"product_cat","embeddable":true,"href":"https:\/\/suquir.com.ve\/en\/wp-json\/wp\/v2\/product_cat?post=4237"},{"taxonomy":"product_tag","embeddable":true,"href":"https:\/\/suquir.com.ve\/en\/wp-json\/wp\/v2\/product_tag?post=4237"}],"curies":[{"name":"wp","href":"https:\/\/api.w.org\/{rel}","templated":true}]}}