{"id":4239,"date":"2025-06-18T15:25:19","date_gmt":"2025-06-18T15:25:19","guid":{"rendered":"https:\/\/suquir.com.ve\/producto\/dermatomo-manual-16cm\/"},"modified":"2025-09-26T20:47:59","modified_gmt":"2025-09-26T20:47:59","slug":"dermatomo-manual-16cm","status":"publish","type":"product","link":"https:\/\/suquir.com.ve\/en\/product\/dermatomo-manual-16cm\/","title":{"rendered":"DERMATOMO MANUAL 16cm"},"content":{"rendered":"","protected":false},"excerpt":{"rendered":"<p>Marca: Perlong Medical<br \/>\nModelo: 16cm<\/p>\n<p>Los Dermatomos manuales son instrumentos de alta precisi\u00f3n y de la mejor calidad, est\u00e1n fabricados a mano con una perfecta alineaci\u00f3n, en acero inoxidable con varilla fija y regulable en cent\u00e9simas de mil\u00edmetro.<\/p>\n<p>Son de sencillo manejo y ajuste, al mismo tiempo permiten una limpieza muy f\u00e1cil.<\/p>\n<p>Las hojas dermatomo est\u00e1n fabricadas en acero inoxidable, se emplean en dermatolog\u00eda, en cirug\u00eda de quemados para peque\u00f1os injertos.<\/p>\n<p>\u2022 Tama\u00f1o: 16cm.<br \/>\n\u2022 Hojilla 20 piezas.<br \/>\n\u2022 Soporte para la hojilla.<br \/>\n\u2022 Caja de aleaci\u00f3n de aluminio<\/p>","protected":false},"featured_media":4238,"comment_status":"open","ping_status":"closed","template":"","meta":[],"product_brand":[],"product_cat":[15],"product_tag":[136],"class_list":{"0":"post-4239","1":"product","2":"type-product","3":"status-publish","4":"has-post-thumbnail","6":"product_cat-sin-categoria","7":"product_tag-advanced","9":"first","10":"instock","11":"shipping-taxable","12":"purchasable","13":"product-type-simple"},"_links":{"self":[{"href":"https:\/\/suquir.com.ve\/en\/wp-json\/wp\/v2\/product\/4239","targetHints":{"allow":["GET"]}}],"collection":[{"href":"https:\/\/suquir.com.ve\/en\/wp-json\/wp\/v2\/product"}],"about":[{"href":"https:\/\/suquir.com.ve\/en\/wp-json\/wp\/v2\/types\/product"}],"replies":[{"embeddable":true,"href":"https:\/\/suquir.com.ve\/en\/wp-json\/wp\/v2\/comments?post=4239"}],"wp:featuredmedia":[{"embeddable":true,"href":"https:\/\/suquir.com.ve\/en\/wp-json\/wp\/v2\/media\/4238"}],"wp:attachment":[{"href":"https:\/\/suquir.com.ve\/en\/wp-json\/wp\/v2\/media?parent=4239"}],"wp:term":[{"taxonomy":"product_brand","embeddable":true,"href":"https:\/\/suquir.com.ve\/en\/wp-json\/wp\/v2\/product_brand?post=4239"},{"taxonomy":"product_cat","embeddable":true,"href":"https:\/\/suquir.com.ve\/en\/wp-json\/wp\/v2\/product_cat?post=4239"},{"taxonomy":"product_tag","embeddable":true,"href":"https:\/\/suquir.com.ve\/en\/wp-json\/wp\/v2\/product_tag?post=4239"}],"curies":[{"name":"wp","href":"https:\/\/api.w.org\/{rel}","templated":true}]}}