{"id":4241,"date":"2025-06-18T15:25:25","date_gmt":"2025-06-18T15:25:25","guid":{"rendered":"https:\/\/suquir.com.ve\/producto\/equipo-de-radiofrecuencia-para-ablacion-rfg-150\/"},"modified":"2025-07-19T02:06:22","modified_gmt":"2025-07-19T02:06:22","slug":"equipo-de-radiofrecuencia-para-ablacion-rfg-150","status":"publish","type":"product","link":"https:\/\/suquir.com.ve\/en\/product\/equipo-de-radiofrecuencia-para-ablacion-rfg-150\/","title":{"rendered":"EQUIPO DE RADIOFRECUENCIA PARA ABLACI\u00d3N RFG-150"},"content":{"rendered":"","protected":false},"excerpt":{"rendered":"<p>Marca: Perlong Medical<br \/>\nModelo: RFG-150<\/p>\n<p>Especificaciones:<br \/>\n\u2022 Generador de alta potencia.<br \/>\n\u2022 Modo dual &#8211; Control de temperatura y energ\u00eda.<br \/>\n\u2022 Pantalla con la temperatura, potencia e impedancia en tiempo real:<br \/>\nMonitorea el proceso de ablaci\u00f3n efectivamente.<br \/>\n\u2022 Ajustabilidad de los par\u00e1metros en funci\u00f3n de la situaci\u00f3n intraoperatoria: Adecuado para la ablaci\u00f3n de diferentes tumores.<br \/>\n\u2022 Potencia: 5 a 150 W.<br \/>\n\u2022 Dimensiones: 140mm x 320mm x 430mm (altura x ancho x profundidad).<br \/>\n\u2022 Alimentaci\u00f3n: 100 &#8211; 240 ~, fuente de alimentaci\u00f3n universal de 50\/60 Hz.<br \/>\n\u2022 Electrodo enfriado internamente: enfriamiento de la punta de la aguja<br \/>\nmediante un sistema de refrigeraci\u00f3n interna.<br \/>\n\u2022 Di\u00e1metro exterior del trocar: 18G.<br \/>\n\u2022 Exposici\u00f3n de radiofrecuencia: 10mm.<br \/>\n\u2022 Longitud: 7cm.<br \/>\n\u2022 Usa una aguja con punta triangular de f\u00e1cil punci\u00f3n, puede ser usado directamente para punci\u00f3n percut\u00e1nea.<br \/>\n\u2022 Evita la adhesi\u00f3n de tejido carbonizado en la punta y desarrolla una mayor \u00e1rea de ablaci\u00f3n.<\/p>","protected":false},"featured_media":4240,"comment_status":"open","ping_status":"closed","template":"","meta":[],"product_brand":[],"product_cat":[105],"product_tag":[136],"class_list":{"0":"post-4241","1":"product","2":"type-product","3":"status-publish","4":"has-post-thumbnail","6":"product_cat-quirofano","7":"product_tag-advanced","9":"first","10":"instock","11":"shipping-taxable","12":"purchasable","13":"product-type-simple"},"_links":{"self":[{"href":"https:\/\/suquir.com.ve\/en\/wp-json\/wp\/v2\/product\/4241","targetHints":{"allow":["GET"]}}],"collection":[{"href":"https:\/\/suquir.com.ve\/en\/wp-json\/wp\/v2\/product"}],"about":[{"href":"https:\/\/suquir.com.ve\/en\/wp-json\/wp\/v2\/types\/product"}],"replies":[{"embeddable":true,"href":"https:\/\/suquir.com.ve\/en\/wp-json\/wp\/v2\/comments?post=4241"}],"wp:featuredmedia":[{"embeddable":true,"href":"https:\/\/suquir.com.ve\/en\/wp-json\/wp\/v2\/media\/4240"}],"wp:attachment":[{"href":"https:\/\/suquir.com.ve\/en\/wp-json\/wp\/v2\/media?parent=4241"}],"wp:term":[{"taxonomy":"product_brand","embeddable":true,"href":"https:\/\/suquir.com.ve\/en\/wp-json\/wp\/v2\/product_brand?post=4241"},{"taxonomy":"product_cat","embeddable":true,"href":"https:\/\/suquir.com.ve\/en\/wp-json\/wp\/v2\/product_cat?post=4241"},{"taxonomy":"product_tag","embeddable":true,"href":"https:\/\/suquir.com.ve\/en\/wp-json\/wp\/v2\/product_tag?post=4241"}],"curies":[{"name":"wp","href":"https:\/\/api.w.org\/{rel}","templated":true}]}}