{"id":4245,"date":"2025-06-18T15:25:32","date_gmt":"2025-06-18T15:25:32","guid":{"rendered":"https:\/\/suquir.com.ve\/producto\/aspiradora-portatil-309c1\/"},"modified":"2025-07-19T01:55:45","modified_gmt":"2025-07-19T01:55:45","slug":"aspiradora-portatil-309c1","status":"publish","type":"product","link":"https:\/\/suquir.com.ve\/en\/product\/aspiradora-portatil-309c1\/","title":{"rendered":"VACUUM CLEANER PORTABLE 309C1"},"content":{"rendered":"","protected":false},"excerpt":{"rendered":"<p>Marca: Perlong Medical<br \/>\nModelo: 3090C1<\/p>\n<p>El aspirador de gleras el\u00e9ctrico es una nueva generaci\u00f3n de dispositivos de aspiraci\u00f3n de lubricaci\u00f3n libre de aceite, que es adecuado para el paciente que tiene dificultad para eliminar secreciones debido a enfermedades, operaciones o coma, as\u00ed como la aspiraci\u00f3n de l\u00edquidos tales como pus y sangre durante la pr\u00e1ctica cl\u00ednica.<\/p>\n<p>Es el dispositivo m\u00e9dico com\u00fanmente aplicado para su uso en la sala de emergencias, sala de operaciones y para la enfermer\u00eda en la sala de salud y la atenci\u00f3n m\u00e9dica a domicilio.<\/p>\n<p>Especificaciones:<br \/>\n\u2022 V\u00e1lvula de contraflujo para evitar la succi\u00f3n de l\u00edquido en la bomba de vac\u00edo que garantiza un funcionamiento normal.<br \/>\n\u2022 V\u00e1lvula de ajuste de presi\u00f3n negativa y v\u00e1lvula de retenci\u00f3n.<br \/>\n\u2022 V\u00e1lvula de ajuste de presi\u00f3n negativa dentro del alcance l\u00edmite.<br \/>\n\u2022 Tasa de succi\u00f3n: 18 L\/min en condiciones normales.<br \/>\n\u2022 Capacidad de almacenamiento: 1000 mL.<br \/>\n\u2022 Bajo nivel de ruido.<br \/>\n\u2022 Potencia: 110V \/ 60Hz<br \/>\n\u2022 Consumo de energ\u00eda: 75W.<\/p>","protected":false},"featured_media":4244,"comment_status":"open","ping_status":"closed","template":"","meta":[],"product_brand":[],"product_cat":[105],"product_tag":[136],"class_list":{"0":"post-4245","1":"product","2":"type-product","3":"status-publish","4":"has-post-thumbnail","6":"product_cat-quirofano","7":"product_tag-advanced","9":"first","10":"instock","11":"shipping-taxable","12":"purchasable","13":"product-type-simple"},"_links":{"self":[{"href":"https:\/\/suquir.com.ve\/en\/wp-json\/wp\/v2\/product\/4245","targetHints":{"allow":["GET"]}}],"collection":[{"href":"https:\/\/suquir.com.ve\/en\/wp-json\/wp\/v2\/product"}],"about":[{"href":"https:\/\/suquir.com.ve\/en\/wp-json\/wp\/v2\/types\/product"}],"replies":[{"embeddable":true,"href":"https:\/\/suquir.com.ve\/en\/wp-json\/wp\/v2\/comments?post=4245"}],"wp:featuredmedia":[{"embeddable":true,"href":"https:\/\/suquir.com.ve\/en\/wp-json\/wp\/v2\/media\/4244"}],"wp:attachment":[{"href":"https:\/\/suquir.com.ve\/en\/wp-json\/wp\/v2\/media?parent=4245"}],"wp:term":[{"taxonomy":"product_brand","embeddable":true,"href":"https:\/\/suquir.com.ve\/en\/wp-json\/wp\/v2\/product_brand?post=4245"},{"taxonomy":"product_cat","embeddable":true,"href":"https:\/\/suquir.com.ve\/en\/wp-json\/wp\/v2\/product_cat?post=4245"},{"taxonomy":"product_tag","embeddable":true,"href":"https:\/\/suquir.com.ve\/en\/wp-json\/wp\/v2\/product_tag?post=4245"}],"curies":[{"name":"wp","href":"https:\/\/api.w.org\/{rel}","templated":true}]}}