{"id":4247,"date":"2025-06-18T15:25:36","date_gmt":"2025-06-18T15:25:36","guid":{"rendered":"https:\/\/suquir.com.ve\/producto\/mesa-de-medicamentos\/"},"modified":"2025-06-18T15:25:36","modified_gmt":"2025-06-18T15:25:36","slug":"mesa-de-medicamentos","status":"publish","type":"product","link":"https:\/\/suquir.com.ve\/en\/product\/mesa-de-medicamentos\/","title":{"rendered":"MESA DE MEDICAMENTOS"},"content":{"rendered":"","protected":false},"excerpt":{"rendered":"<p>Marca: Perlong Medical<\/p>\n<p>Est\u00e1 dise\u00f1ado con el concepto de ayudar a los profesionales en el transporte y distribuci\u00f3n de medicamentos.<br \/>\nSirven para el almacenamiento ordenado y la dispensaci\u00f3n de medicamentos a los pacientes.<\/p>\n<p>Caracter\u00edsticas:<br \/>\n\u2022 Fabricado en pl\u00e1stico ABS de alta resistencia.<\/p>\n<p>\u2022 Cuenta con una bandeja superior fabricada en una sola pieza con una manija para transporte.<\/p>\n<p>\u2022 Base inferior fabricada en ABS con una cubierta para choques.<\/p>\n<p>\u2022 Cuatro ruedas de 5 pulgadas para permitir su f\u00e1cil movilizaci\u00f3n, cada rueda con freno.<\/p>\n<p>\u2022 Cajones por ambos lados con divisiones para medicamentos.<\/p>\n<p>\u2022 Dos canastillas ubicadas a un costado para depositar basura.<\/p>\n<p>\u2022 Sistema de seguro central, para liberar o asegurar todos los cajones.<\/p>","protected":false},"featured_media":4246,"comment_status":"open","ping_status":"closed","template":"","meta":[],"product_brand":[],"product_cat":[15],"product_tag":[136],"class_list":{"0":"post-4247","1":"product","2":"type-product","3":"status-publish","4":"has-post-thumbnail","6":"product_cat-sin-categoria","7":"product_tag-advanced","9":"first","10":"instock","11":"shipping-taxable","12":"purchasable","13":"product-type-simple"},"_links":{"self":[{"href":"https:\/\/suquir.com.ve\/en\/wp-json\/wp\/v2\/product\/4247","targetHints":{"allow":["GET"]}}],"collection":[{"href":"https:\/\/suquir.com.ve\/en\/wp-json\/wp\/v2\/product"}],"about":[{"href":"https:\/\/suquir.com.ve\/en\/wp-json\/wp\/v2\/types\/product"}],"replies":[{"embeddable":true,"href":"https:\/\/suquir.com.ve\/en\/wp-json\/wp\/v2\/comments?post=4247"}],"wp:featuredmedia":[{"embeddable":true,"href":"https:\/\/suquir.com.ve\/en\/wp-json\/wp\/v2\/media\/4246"}],"wp:attachment":[{"href":"https:\/\/suquir.com.ve\/en\/wp-json\/wp\/v2\/media?parent=4247"}],"wp:term":[{"taxonomy":"product_brand","embeddable":true,"href":"https:\/\/suquir.com.ve\/en\/wp-json\/wp\/v2\/product_brand?post=4247"},{"taxonomy":"product_cat","embeddable":true,"href":"https:\/\/suquir.com.ve\/en\/wp-json\/wp\/v2\/product_cat?post=4247"},{"taxonomy":"product_tag","embeddable":true,"href":"https:\/\/suquir.com.ve\/en\/wp-json\/wp\/v2\/product_tag?post=4247"}],"curies":[{"name":"wp","href":"https:\/\/api.w.org\/{rel}","templated":true}]}}