{"id":4249,"date":"2025-06-18T15:25:39","date_gmt":"2025-06-18T15:25:39","guid":{"rendered":"https:\/\/suquir.com.ve\/producto\/banco-giratorio-negro\/"},"modified":"2025-09-01T19:11:17","modified_gmt":"2025-09-01T19:11:17","slug":"banco-giratorio-negro","status":"publish","type":"product","link":"https:\/\/suquir.com.ve\/en\/product\/banco-giratorio-negro\/","title":{"rendered":"BANK SWIVEL BLACK"},"content":{"rendered":"","protected":false},"excerpt":{"rendered":"<p>Marca: Perlong Medical<\/p>\n<p>\u2022 Material de alta calidad: Est\u00e1 hecho de una superficie de piel sint\u00e9tica con un dise\u00f1o impermeable, las patas y la parte inferior est\u00e1n hechas de metal cromado para garantizar que el taburete sea duradero y no se oxide.<\/p>\n<p>\u2022 La parte inferior m\u00e1s un reposapi\u00e9s de metal redondo para ayudar a los pies a descansar y mejorar la estabilidad.<\/p>\n<p>\u2022 Fuerte estabilidad: las cinco ruedas s\u00f3lidas garantizan que los taburetes sean estables y lisos, una bomba de aire hidr\u00e1ulica para proporcionar una fuerte capacidad de carga, rango de altura ajustable.<\/p>\n<p>\u2022 Ajuste hidr\u00e1ulico hacia arriba y hacia abajo, permite moverte suavemente libremente en el lugar de trabajo y amplio rango ajustable, para personas de diferentes alturas.<\/p>\n<p>\u2022 Rotaci\u00f3n de ajuste: con rotaci\u00f3n izquierda y derecha de 360 grados.<\/p>","protected":false},"featured_media":4447,"comment_status":"open","ping_status":"closed","template":"","meta":[],"product_brand":[],"product_cat":[122,121],"product_tag":[136],"class_list":{"0":"post-4249","1":"product","2":"type-product","3":"status-publish","4":"has-post-thumbnail","6":"product_cat-hospitalizacion","7":"product_cat-mobiliario-clinico","8":"product_tag-advanced","10":"first","11":"instock","12":"shipping-taxable","13":"purchasable","14":"product-type-simple"},"_links":{"self":[{"href":"https:\/\/suquir.com.ve\/en\/wp-json\/wp\/v2\/product\/4249","targetHints":{"allow":["GET"]}}],"collection":[{"href":"https:\/\/suquir.com.ve\/en\/wp-json\/wp\/v2\/product"}],"about":[{"href":"https:\/\/suquir.com.ve\/en\/wp-json\/wp\/v2\/types\/product"}],"replies":[{"embeddable":true,"href":"https:\/\/suquir.com.ve\/en\/wp-json\/wp\/v2\/comments?post=4249"}],"wp:featuredmedia":[{"embeddable":true,"href":"https:\/\/suquir.com.ve\/en\/wp-json\/wp\/v2\/media\/4447"}],"wp:attachment":[{"href":"https:\/\/suquir.com.ve\/en\/wp-json\/wp\/v2\/media?parent=4249"}],"wp:term":[{"taxonomy":"product_brand","embeddable":true,"href":"https:\/\/suquir.com.ve\/en\/wp-json\/wp\/v2\/product_brand?post=4249"},{"taxonomy":"product_cat","embeddable":true,"href":"https:\/\/suquir.com.ve\/en\/wp-json\/wp\/v2\/product_cat?post=4249"},{"taxonomy":"product_tag","embeddable":true,"href":"https:\/\/suquir.com.ve\/en\/wp-json\/wp\/v2\/product_tag?post=4249"}],"curies":[{"name":"wp","href":"https:\/\/api.w.org\/{rel}","templated":true}]}}