{"id":4253,"date":"2025-06-18T15:25:47","date_gmt":"2025-06-18T15:25:47","guid":{"rendered":"https:\/\/suquir.com.ve\/producto\/escabel-de-plastico\/"},"modified":"2025-07-19T01:31:14","modified_gmt":"2025-07-19T01:31:14","slug":"escabel-de-plastico","status":"publish","type":"product","link":"https:\/\/suquir.com.ve\/en\/product\/escabel-de-plastico\/","title":{"rendered":"ESCABEL DE PLASTICO"},"content":{"rendered":"","protected":false},"excerpt":{"rendered":"<p>Marca: Perlong Medical.<\/p>\n<p>Escabel met\u00e1lico con pelda\u00f1o de goma antideslizante multiuso fundamental para ambientes hospitalarios, consultas m\u00e9dicas.<br \/>\nSe recomienda tambi\u00e9n su uso para ejercicios de Kinesiterapia en pacientes con problemas para recuperar la marcha.<br \/>\nEstructura de acero esmaltado con pintura electrost\u00e1tica muy resistente al uso diario y de f\u00e1cil limpieza o desinfecci\u00f3n.<br \/>\nCubierta antideslizamientos involuntarios disminuyendo los riesgos de ca\u00edda.<\/p>\n<p>Especificaciones:<br \/>\n\u2022 Pelda\u00f1o de pol\u00edmero con cubierta antideslizamientos.<br \/>\n\u2022 Estructura: Met\u00e1lica.<br \/>\n\u2022 Tubo: Acero.<br \/>\n\u2022 Regatones: Pl\u00e1stico exterior en las patas para seguridad.<br \/>\n\u2022 Peso soportado: Hasta 120kg.<br \/>\n\u2022 Alto: 25 cm\u2022 Ancho: 19 cm\u2022 Largo: 40,5.<\/p>","protected":false},"featured_media":4252,"comment_status":"open","ping_status":"closed","template":"","meta":[],"product_brand":[],"product_cat":[15,122,121],"product_tag":[136],"class_list":{"0":"post-4253","1":"product","2":"type-product","3":"status-publish","4":"has-post-thumbnail","6":"product_cat-sin-categoria","7":"product_cat-hospitalizacion","8":"product_cat-mobiliario-clinico","9":"product_tag-advanced","11":"first","12":"instock","13":"shipping-taxable","14":"purchasable","15":"product-type-simple"},"_links":{"self":[{"href":"https:\/\/suquir.com.ve\/en\/wp-json\/wp\/v2\/product\/4253","targetHints":{"allow":["GET"]}}],"collection":[{"href":"https:\/\/suquir.com.ve\/en\/wp-json\/wp\/v2\/product"}],"about":[{"href":"https:\/\/suquir.com.ve\/en\/wp-json\/wp\/v2\/types\/product"}],"replies":[{"embeddable":true,"href":"https:\/\/suquir.com.ve\/en\/wp-json\/wp\/v2\/comments?post=4253"}],"wp:featuredmedia":[{"embeddable":true,"href":"https:\/\/suquir.com.ve\/en\/wp-json\/wp\/v2\/media\/4252"}],"wp:attachment":[{"href":"https:\/\/suquir.com.ve\/en\/wp-json\/wp\/v2\/media?parent=4253"}],"wp:term":[{"taxonomy":"product_brand","embeddable":true,"href":"https:\/\/suquir.com.ve\/en\/wp-json\/wp\/v2\/product_brand?post=4253"},{"taxonomy":"product_cat","embeddable":true,"href":"https:\/\/suquir.com.ve\/en\/wp-json\/wp\/v2\/product_cat?post=4253"},{"taxonomy":"product_tag","embeddable":true,"href":"https:\/\/suquir.com.ve\/en\/wp-json\/wp\/v2\/product_tag?post=4253"}],"curies":[{"name":"wp","href":"https:\/\/api.w.org\/{rel}","templated":true}]}}