{"id":4261,"date":"2025-06-18T15:26:05","date_gmt":"2025-06-18T15:26:05","guid":{"rendered":"https:\/\/suquir.com.ve\/producto\/negatoscopio-ajustable-mg01\/"},"modified":"2025-07-19T02:10:40","modified_gmt":"2025-07-19T02:10:40","slug":"negatoscopio-ajustable-mg01","status":"publish","type":"product","link":"https:\/\/suquir.com.ve\/en\/product\/negatoscopio-ajustable-mg01\/","title":{"rendered":"NEGATOSCOPIO AJUSTABLE MG01"},"content":{"rendered":"","protected":false},"excerpt":{"rendered":"<p>Marca: Perlong Medical Equipment<br \/>\nModelo: MG01<\/p>\n<p>Caracter\u00edsticas:<br \/>\nVoltios: ac 95v~245v.<br \/>\nVida \u00fatil de la bombilla: 100000hrs.<br \/>\nTempertura de color: 4500-6500K.<br \/>\nLuminancia: 0-4500cd\/m2.<br \/>\nTama\u00f1o del \u00e1rea visual: (l*w mm) 720*425.<br \/>\nForma de instalaci\u00f3n: montaje en pared.<br \/>\nPecho potencia m\u00e1xima: 60W.<br \/>\n\u00c1mbito de aplicaci\u00f3n: mamograf\u00edas de pel\u00edcula digital general.<br \/>\nDuraci\u00f3n de la bombilla led: 100,000 horas.<br \/>\nFunci\u00f3n: ajuste de brillo del sensor disponible.<br \/>\nPaquete de Transporte: Cart\u00f3n.<br \/>\nEspecificaci\u00f3n: 86*51*2,5cm.<br \/>\nCapacidad de producci\u00f3n.<br \/>\n3000 piezas.<\/p>","protected":false},"featured_media":4260,"comment_status":"open","ping_status":"closed","template":"","meta":[],"product_brand":[],"product_cat":[110],"product_tag":[136],"class_list":{"0":"post-4261","1":"product","2":"type-product","3":"status-publish","4":"has-post-thumbnail","6":"product_cat-radiologia","7":"product_tag-advanced","9":"first","10":"instock","11":"shipping-taxable","12":"purchasable","13":"product-type-simple"},"_links":{"self":[{"href":"https:\/\/suquir.com.ve\/en\/wp-json\/wp\/v2\/product\/4261","targetHints":{"allow":["GET"]}}],"collection":[{"href":"https:\/\/suquir.com.ve\/en\/wp-json\/wp\/v2\/product"}],"about":[{"href":"https:\/\/suquir.com.ve\/en\/wp-json\/wp\/v2\/types\/product"}],"replies":[{"embeddable":true,"href":"https:\/\/suquir.com.ve\/en\/wp-json\/wp\/v2\/comments?post=4261"}],"wp:featuredmedia":[{"embeddable":true,"href":"https:\/\/suquir.com.ve\/en\/wp-json\/wp\/v2\/media\/4260"}],"wp:attachment":[{"href":"https:\/\/suquir.com.ve\/en\/wp-json\/wp\/v2\/media?parent=4261"}],"wp:term":[{"taxonomy":"product_brand","embeddable":true,"href":"https:\/\/suquir.com.ve\/en\/wp-json\/wp\/v2\/product_brand?post=4261"},{"taxonomy":"product_cat","embeddable":true,"href":"https:\/\/suquir.com.ve\/en\/wp-json\/wp\/v2\/product_cat?post=4261"},{"taxonomy":"product_tag","embeddable":true,"href":"https:\/\/suquir.com.ve\/en\/wp-json\/wp\/v2\/product_tag?post=4261"}],"curies":[{"name":"wp","href":"https:\/\/api.w.org\/{rel}","templated":true}]}}