{"id":4263,"date":"2025-06-18T15:26:10","date_gmt":"2025-06-18T15:26:10","guid":{"rendered":"https:\/\/suquir.com.ve\/producto\/nebulizador-portatil-ss-7b\/"},"modified":"2025-07-19T01:14:04","modified_gmt":"2025-07-19T01:14:04","slug":"nebulizador-portatil-ss-7b","status":"publish","type":"product","link":"https:\/\/suquir.com.ve\/en\/product\/nebulizador-portatil-ss-7b\/","title":{"rendered":"NEBULIZADOR PORT\u00c1TIL SS-7B"},"content":{"rendered":"","protected":false},"excerpt":{"rendered":"<p>Marca: Perlong Medical Equipment<br \/>\nModelo: SS-7B<\/p>\n<p>Especificaciones:<br \/>\nFuente de alimentaci\u00f3n: AC220\u00b122V,50\u00b11Hz<br \/>\nBomba de compresi\u00f3n de presi\u00f3n negativa m\u00e1x: \u22650,15MPa<br \/>\nBomba de compresi\u00f3n de flujo de aire libre: \u226510L\/min<br \/>\nVelocidad de nebulizaci\u00f3n m\u00e1xima: \u22650,20mL\/min<br \/>\nRuido: \u226465dB(A)<\/p>","protected":false},"featured_media":4463,"comment_status":"open","ping_status":"closed","template":"","meta":[],"product_brand":[],"product_cat":[122,121],"product_tag":[136],"class_list":{"0":"post-4263","1":"product","2":"type-product","3":"status-publish","4":"has-post-thumbnail","6":"product_cat-hospitalizacion","7":"product_cat-mobiliario-clinico","8":"product_tag-advanced","10":"first","11":"instock","12":"shipping-taxable","13":"purchasable","14":"product-type-simple"},"_links":{"self":[{"href":"https:\/\/suquir.com.ve\/en\/wp-json\/wp\/v2\/product\/4263","targetHints":{"allow":["GET"]}}],"collection":[{"href":"https:\/\/suquir.com.ve\/en\/wp-json\/wp\/v2\/product"}],"about":[{"href":"https:\/\/suquir.com.ve\/en\/wp-json\/wp\/v2\/types\/product"}],"replies":[{"embeddable":true,"href":"https:\/\/suquir.com.ve\/en\/wp-json\/wp\/v2\/comments?post=4263"}],"wp:featuredmedia":[{"embeddable":true,"href":"https:\/\/suquir.com.ve\/en\/wp-json\/wp\/v2\/media\/4463"}],"wp:attachment":[{"href":"https:\/\/suquir.com.ve\/en\/wp-json\/wp\/v2\/media?parent=4263"}],"wp:term":[{"taxonomy":"product_brand","embeddable":true,"href":"https:\/\/suquir.com.ve\/en\/wp-json\/wp\/v2\/product_brand?post=4263"},{"taxonomy":"product_cat","embeddable":true,"href":"https:\/\/suquir.com.ve\/en\/wp-json\/wp\/v2\/product_cat?post=4263"},{"taxonomy":"product_tag","embeddable":true,"href":"https:\/\/suquir.com.ve\/en\/wp-json\/wp\/v2\/product_tag?post=4263"}],"curies":[{"name":"wp","href":"https:\/\/api.w.org\/{rel}","templated":true}]}}