{"id":4267,"date":"2025-06-18T15:26:17","date_gmt":"2025-06-18T15:26:17","guid":{"rendered":"https:\/\/suquir.com.ve\/producto\/tensiometro-de-pedal-a303\/"},"modified":"2025-07-19T00:54:01","modified_gmt":"2025-07-19T00:54:01","slug":"tensiometro-de-pedal-a303","status":"publish","type":"product","link":"https:\/\/suquir.com.ve\/en\/product\/tensiometro-de-pedal-a303\/","title":{"rendered":"TENSI\u00d3METRO DE PEDAL A303"},"content":{"rendered":"","protected":false},"excerpt":{"rendered":"<p>Marca: Perlong Medical<br \/>\nModelo: A303<\/p>\n<p>Caracter\u00edsticas:<br \/>\n\u2022 Tensiometro aneroide de pedestal con una placa frontal 6\u201d f\u00e1cil de leer y n\u00fameros luminosos blancos.<br \/>\n\u2022 Cubierto por carcasa de pl\u00e1stico cuadrada con un indicador de tope, hasta 300 mmHg.<br \/>\n\u2022 Tiene la funci\u00f3n de giro de f\u00e1cil visi\u00f3n.<br \/>\n\u2022 El Brazalete para adulto y sistema de inflado de aire, tama\u00f1o del brazalete (10 % \u00ab- 15 \u00be* (23 &#8211; 40 cm).<br \/>\n\u2022 El Tubo es flexible de 8\u00bb con la v\u00e1lvula de escape de aire, se adiciona un soporte de suelo ajustable (42,5 \u00ab-55\u00bb).<\/p>","protected":false},"featured_media":4266,"comment_status":"open","ping_status":"closed","template":"","meta":[],"product_brand":[],"product_cat":[123,121],"product_tag":[136],"class_list":{"0":"post-4267","1":"product","2":"type-product","3":"status-publish","4":"has-post-thumbnail","6":"product_cat-emergencias","7":"product_cat-mobiliario-clinico","8":"product_tag-advanced","10":"first","11":"instock","12":"shipping-taxable","13":"purchasable","14":"product-type-simple"},"_links":{"self":[{"href":"https:\/\/suquir.com.ve\/en\/wp-json\/wp\/v2\/product\/4267","targetHints":{"allow":["GET"]}}],"collection":[{"href":"https:\/\/suquir.com.ve\/en\/wp-json\/wp\/v2\/product"}],"about":[{"href":"https:\/\/suquir.com.ve\/en\/wp-json\/wp\/v2\/types\/product"}],"replies":[{"embeddable":true,"href":"https:\/\/suquir.com.ve\/en\/wp-json\/wp\/v2\/comments?post=4267"}],"wp:featuredmedia":[{"embeddable":true,"href":"https:\/\/suquir.com.ve\/en\/wp-json\/wp\/v2\/media\/4266"}],"wp:attachment":[{"href":"https:\/\/suquir.com.ve\/en\/wp-json\/wp\/v2\/media?parent=4267"}],"wp:term":[{"taxonomy":"product_brand","embeddable":true,"href":"https:\/\/suquir.com.ve\/en\/wp-json\/wp\/v2\/product_brand?post=4267"},{"taxonomy":"product_cat","embeddable":true,"href":"https:\/\/suquir.com.ve\/en\/wp-json\/wp\/v2\/product_cat?post=4267"},{"taxonomy":"product_tag","embeddable":true,"href":"https:\/\/suquir.com.ve\/en\/wp-json\/wp\/v2\/product_tag?post=4267"}],"curies":[{"name":"wp","href":"https:\/\/api.w.org\/{rel}","templated":true}]}}