{"id":4277,"date":"2025-06-18T15:26:41","date_gmt":"2025-06-18T15:26:41","guid":{"rendered":"https:\/\/suquir.com.ve\/producto\/torre-de-laparoscopia-3d-artroscopia-hd\/"},"modified":"2025-07-19T02:09:39","modified_gmt":"2025-07-19T02:09:39","slug":"torre-de-laparoscopia-3d-artroscopia-hd","status":"publish","type":"product","link":"https:\/\/suquir.com.ve\/en\/product\/torre-de-laparoscopia-3d-artroscopia-hd\/","title":{"rendered":"TORRE DE LAPAROSCOPIA 3D &#8211; ARTROSCOPIA HD"},"content":{"rendered":"","protected":false},"excerpt":{"rendered":"<p>Marca: STAHL<\/p>\n<p>Estaci\u00f3n de trabajo endosc\u00f3pica (G-NB2-00):<br \/>\n&#8211; Conveniente para el dispositivo del sistema endosc\u00f3pico.<br \/>\n&#8211; Capas y altura de capa ajustable, Carga propuesta \u226420kg\/Capa.<br \/>\n&#8211; Dimensiones del carro: 664mm (largo) x 638 (ancho) x 1650 (alto).<br \/>\n&#8211; Altura de la superficie de trabajo: 1125mm.<br \/>\n&#8211; Dimensiones de la superficie de trabajo: 527mm (largo) x 420mm (ancho).<br \/>\n&#8211; Brazo basculante para pantalla: altura ajustable, rotaci\u00f3n de 360\u00b0 para LCD.<br \/>\n&#8211; Carga est\u00e1ndar \u226410KG, carga m\u00e1xima opcional \u226421KG.<br \/>\n&#8211; Ranura especial para cableado el\u00e9ctrico.<br \/>\n&#8211; Ruedas m\u00e9dicas silenciosas.<\/p>\n<p>Pantalla para visualizaci\u00f3n endosc\u00f3pica de valores (EndoVue 21&#8243;):<br \/>\n&#8211; Optimizado para aplicaciones de endoscopia.<br \/>\n&#8211; Excelente calidad de imagen.<br \/>\n&#8211; Capacidades de im\u00e1genes multimodales.<br \/>\n&#8211; Bajo consumo de energ\u00eda y refrigeraci\u00f3n sin ventilador.<br \/>\n&#8211; Robusto y fiable.<\/p>\n<p>EndoVue es una plataforma de visualizaci\u00f3n vers\u00e1til que admite requisitos de im\u00e1genes m\u00e9dicas multimodales.<\/p>\n<p>Es compatible con \u00abplug-and-play\u00bb con los sistemas de c\u00e1mara endosc\u00f3picas de los principales fabricantes.<\/p>","protected":false},"featured_media":4462,"comment_status":"open","ping_status":"closed","template":"","meta":[],"product_brand":[],"product_cat":[105],"product_tag":[136],"class_list":{"0":"post-4277","1":"product","2":"type-product","3":"status-publish","4":"has-post-thumbnail","6":"product_cat-quirofano","7":"product_tag-advanced","9":"first","10":"instock","11":"shipping-taxable","12":"purchasable","13":"product-type-simple"},"_links":{"self":[{"href":"https:\/\/suquir.com.ve\/en\/wp-json\/wp\/v2\/product\/4277","targetHints":{"allow":["GET"]}}],"collection":[{"href":"https:\/\/suquir.com.ve\/en\/wp-json\/wp\/v2\/product"}],"about":[{"href":"https:\/\/suquir.com.ve\/en\/wp-json\/wp\/v2\/types\/product"}],"replies":[{"embeddable":true,"href":"https:\/\/suquir.com.ve\/en\/wp-json\/wp\/v2\/comments?post=4277"}],"wp:featuredmedia":[{"embeddable":true,"href":"https:\/\/suquir.com.ve\/en\/wp-json\/wp\/v2\/media\/4462"}],"wp:attachment":[{"href":"https:\/\/suquir.com.ve\/en\/wp-json\/wp\/v2\/media?parent=4277"}],"wp:term":[{"taxonomy":"product_brand","embeddable":true,"href":"https:\/\/suquir.com.ve\/en\/wp-json\/wp\/v2\/product_brand?post=4277"},{"taxonomy":"product_cat","embeddable":true,"href":"https:\/\/suquir.com.ve\/en\/wp-json\/wp\/v2\/product_cat?post=4277"},{"taxonomy":"product_tag","embeddable":true,"href":"https:\/\/suquir.com.ve\/en\/wp-json\/wp\/v2\/product_tag?post=4277"}],"curies":[{"name":"wp","href":"https:\/\/api.w.org\/{rel}","templated":true}]}}