{"id":4279,"date":"2025-06-18T15:26:44","date_gmt":"2025-06-18T15:26:44","guid":{"rendered":"https:\/\/suquir.com.ve\/producto\/torre-de-artroscopia-hd\/"},"modified":"2025-07-19T02:09:22","modified_gmt":"2025-07-19T02:09:22","slug":"torre-de-artroscopia-hd","status":"publish","type":"product","link":"https:\/\/suquir.com.ve\/en\/product\/torre-de-artroscopia-hd\/","title":{"rendered":"TORRE DE ARTROSCOPIA HD"},"content":{"rendered":"","protected":false},"excerpt":{"rendered":"<p>Marca: STAHL<\/p>\n<p>Fuente de Luz (STAHL LED-300; 100W LED):<br \/>\n&#8211; Fuente de luz brillante compacta, eficiente y duradera, de \u00abluz natural\u00bb, para la endoscopia.<br \/>\n&#8211; Lumen de salida comparable a muchas unidades Xenon, pero m\u00e1s estable y eficiente.<br \/>\n&#8211; La vida \u00fatil esperada de 30.000 horas del LED elimina costosos cambios peri\u00f3dicos de la l\u00e1mpara.<br \/>\n&#8211; Temperatura de color: 6950 \u00b0K nominal pr\u00e1cticamente sin emisiones de rayos UV o IR.<br \/>\n&#8211; Control de intensidad electr\u00f3nica (PWM) de 0-100%; Rendimiento \u00f3ptimo con c\u00e1maras OEM.<br \/>\n&#8211; La torre de dise\u00f1o ergon\u00f3mico incluye los puertos ACMI, Olympus, Storz y Wolf.<br \/>\n&#8211; EL LED se apaga autom\u00e1ticamente cuando se retira el cable del puerto activo.<br \/>\n&#8211; El modo de espera apaga el LED pero mantiene la fuente de luz energizada y ajustable.<br \/>\n&#8211; Acepta 100-24OV CA, 50\/60 Hz de potencia de entrada, para operar mundialmente.<br \/>\n&#8211; Regulaci\u00f3n: EN60601-1 3\u00aa Edici\u00f3n, CAN \/ CSA C22.2 No. 601.1.<br \/>\n&#8211; Dimensiones: 11 \u00abAn. X 4,5\u00bb An. X 11 \u00abD; Peso: 7,5 libras (3,4 kg).<\/p>\n<p>Microdebridador para artroscopia:<br \/>\n&#8211; Amplia gama de velocidades de rotaci\u00f3n.<br \/>\n&#8211; Funci\u00f3n de calibraci\u00f3n de ventana.<br \/>\n-Modos de rotaci\u00f3n de la pieza de mano en sentido horario, antihorario y oscilaci\u00f3n.<\/p>\n<p>Nueve modos de oscilaci\u00f3n:<br \/>\n-Detecci\u00f3n autom\u00e1tica de pieza de mano<br \/>\n&#8211; Controlado por un interruptor de pedal o directamente por botones presentes en una pieza de mano de afeitadora.<br \/>\n&#8211; Pieza de mano de afeitadora totalmente esterilizable en autoclave, liviana y ergon\u00f3mica.<\/p>\n<p>Unidad de control del microdebridador:<br \/>\n-Dimensiones: 250mm (Profundidad) x 330mm (Ancho) x 96mm (Alto); 4,8 kg.<br \/>\n-Fuente de alimentaci\u00f3n del sistema: 100-240 VCA, 50\/60 Hz.<br \/>\n&#8211; Consumo de energ\u00eda: 65 VA.<br \/>\n&#8211; Clase de protecci\u00f3n: Clase I.<br \/>\n&#8211; Temperatura ambiente\/humedad relativa m\u00e1xima.<\/p>","protected":false},"featured_media":4461,"comment_status":"open","ping_status":"closed","template":"","meta":[],"product_brand":[],"product_cat":[105],"product_tag":[136],"class_list":{"0":"post-4279","1":"product","2":"type-product","3":"status-publish","4":"has-post-thumbnail","6":"product_cat-quirofano","7":"product_tag-advanced","9":"first","10":"instock","11":"shipping-taxable","12":"purchasable","13":"product-type-simple"},"_links":{"self":[{"href":"https:\/\/suquir.com.ve\/en\/wp-json\/wp\/v2\/product\/4279","targetHints":{"allow":["GET"]}}],"collection":[{"href":"https:\/\/suquir.com.ve\/en\/wp-json\/wp\/v2\/product"}],"about":[{"href":"https:\/\/suquir.com.ve\/en\/wp-json\/wp\/v2\/types\/product"}],"replies":[{"embeddable":true,"href":"https:\/\/suquir.com.ve\/en\/wp-json\/wp\/v2\/comments?post=4279"}],"wp:featuredmedia":[{"embeddable":true,"href":"https:\/\/suquir.com.ve\/en\/wp-json\/wp\/v2\/media\/4461"}],"wp:attachment":[{"href":"https:\/\/suquir.com.ve\/en\/wp-json\/wp\/v2\/media?parent=4279"}],"wp:term":[{"taxonomy":"product_brand","embeddable":true,"href":"https:\/\/suquir.com.ve\/en\/wp-json\/wp\/v2\/product_brand?post=4279"},{"taxonomy":"product_cat","embeddable":true,"href":"https:\/\/suquir.com.ve\/en\/wp-json\/wp\/v2\/product_cat?post=4279"},{"taxonomy":"product_tag","embeddable":true,"href":"https:\/\/suquir.com.ve\/en\/wp-json\/wp\/v2\/product_tag?post=4279"}],"curies":[{"name":"wp","href":"https:\/\/api.w.org\/{rel}","templated":true}]}}