{"id":4328,"date":"2025-07-03T00:00:32","date_gmt":"2025-07-03T00:00:32","guid":{"rendered":"https:\/\/suquir.com.ve\/producto\/bomba-de-infusion-ip-200-2\/"},"modified":"2025-07-19T01:10:38","modified_gmt":"2025-07-19T01:10:38","slug":"bomba-de-infusion-ip-200-2","status":"publish","type":"product","link":"https:\/\/suquir.com.ve\/en\/product\/bomba-de-infusion-ip-200-2\/","title":{"rendered":"INFUSION PUMP IP-200"},"content":{"rendered":"","protected":false},"excerpt":{"rendered":"<p>Marca: JHC MEDICA<br \/>\nMaodelo: IP-200<\/p>\n<p>\u2022 Pantalla t\u00e1ctil a color 4.3\u201d de alta sensibilidad.<br \/>\n\u2022 Puerta electrica y anti-flujolibre clip electrico.<br \/>\n\u2022 Caudal: 0.01-1200 mi\/h.<br \/>\n\u2022 Configuraci\u00f3n del bolo: Funci\u00f3n manual y programa.<br \/>\n\u2022 Velocidad de VO: 0,01-5,00 mi\/h.<br \/>\n\u2022 Modos de infusi\u00f3n: 7 modo de infusi\u00f3n.<br \/>\n\u2022 Niveles de oclusi\u00f3n: 12 niveles, cuatro tipos de unidades seleccionables<br \/>\n (MmHg, kPa, bar, psi)<br \/>\n\u2022 Alarmas: Presi\u00f3n alta, burbuja de aire, bater\u00eda casi vac\u00eda, sin suministro de<br \/>\n energ\u00eda, erros de ca\u00eddas, alarma de recordatorio, KVO terminado, puerta abierta.<br \/>\n\u2022 Bater\u00eda: 2600 mAh.<br \/>\n\u2022 Duraci\u00f3n de la bater\u00eda: Approx 9 horas (a un caudal de 25Ml\/h con una bateria<br \/>\n nueva completamente cargada).<\/p>","protected":false},"featured_media":4327,"comment_status":"open","ping_status":"closed","template":"","meta":[],"product_brand":[],"product_cat":[15,122,121],"product_tag":[136],"class_list":{"0":"post-4328","1":"product","2":"type-product","3":"status-publish","4":"has-post-thumbnail","6":"product_cat-sin-categoria","7":"product_cat-hospitalizacion","8":"product_cat-mobiliario-clinico","9":"product_tag-advanced","11":"first","12":"instock","13":"shipping-taxable","14":"purchasable","15":"product-type-simple"},"_links":{"self":[{"href":"https:\/\/suquir.com.ve\/en\/wp-json\/wp\/v2\/product\/4328","targetHints":{"allow":["GET"]}}],"collection":[{"href":"https:\/\/suquir.com.ve\/en\/wp-json\/wp\/v2\/product"}],"about":[{"href":"https:\/\/suquir.com.ve\/en\/wp-json\/wp\/v2\/types\/product"}],"replies":[{"embeddable":true,"href":"https:\/\/suquir.com.ve\/en\/wp-json\/wp\/v2\/comments?post=4328"}],"wp:featuredmedia":[{"embeddable":true,"href":"https:\/\/suquir.com.ve\/en\/wp-json\/wp\/v2\/media\/4327"}],"wp:attachment":[{"href":"https:\/\/suquir.com.ve\/en\/wp-json\/wp\/v2\/media?parent=4328"}],"wp:term":[{"taxonomy":"product_brand","embeddable":true,"href":"https:\/\/suquir.com.ve\/en\/wp-json\/wp\/v2\/product_brand?post=4328"},{"taxonomy":"product_cat","embeddable":true,"href":"https:\/\/suquir.com.ve\/en\/wp-json\/wp\/v2\/product_cat?post=4328"},{"taxonomy":"product_tag","embeddable":true,"href":"https:\/\/suquir.com.ve\/en\/wp-json\/wp\/v2\/product_tag?post=4328"}],"curies":[{"name":"wp","href":"https:\/\/api.w.org\/{rel}","templated":true}]}}