{"id":4336,"date":"2025-07-03T00:26:12","date_gmt":"2025-07-03T00:26:12","guid":{"rendered":"https:\/\/suquir.com.ve\/producto\/ecografo-portatil-eco3-expert\/"},"modified":"2025-07-19T02:12:21","modified_gmt":"2025-07-19T02:12:21","slug":"ecografo-portatil-eco3-expert","status":"publish","type":"product","link":"https:\/\/suquir.com.ve\/en\/product\/ecografo-portatil-eco3-expert\/","title":{"rendered":"EC\u00d3GRAFO PORT\u00c1TIL ECO3 EXPERT"},"content":{"rendered":"","protected":false},"excerpt":{"rendered":"<p>Marca: CHISON<br \/>\nModelo: ECO3 EXPERT<\/p>\n<p>El Chison ECO 3 Expert port\u00e1til es un equipo de ultrasonido port\u00e1til y<br \/>\nmultifuncional, con Power Doppler Color y Direccional Power Doppler,<br \/>\nque se utiliza ampliamente en la pr\u00e1ctica cl\u00ednica.<br \/>\nPosee funciones especiales como Im\u00e1genes arm\u00f3nicas tisulares (THI), r\u00e1pida<br \/>\ndefinici\u00f3n de medida por el usuario, informe de formato PDE, creaci\u00f3n de<br \/>\nalmacenamiento de formato AVI, pantalla con inclinaci\u00f3n hasta de 30 grados.<\/p>\n<p>Aplicaciones:<br \/>\nAbdominal, OB\/GYN, Urolog\u00eda, Vascular, Musculoesquel\u00e9tica.<br \/>\nModos de exploraci\u00f3n:<br \/>\nB, BM, 4B, M.<br \/>\nDoppler Pulsado PW.<br \/>\nPantalla Full-Screen Display.<br \/>\nAIO (optimizador autom\u00e1tico de Imagen).<br \/>\nChroma de Imagen.<br \/>\nZoom de 4 pasos.<\/p>\n<p>Adem\u00e1s:<br \/>\n\u2022 Monitor LCD-Led de 12.1 pulgadas retractil<br \/>\n2 puertos activos para transductores.<br \/>\n\u2022 3 puertos de conexi\u00f3n USB.<br \/>\n\u2022 Salida de Video An\u00e1logo BNC.<br \/>\n\u2022 Salida de Video Digital VGA para pantallas externas.<br \/>\n\u2022 Puerto Ethernet para DICOM.<br \/>\n\u2022 Peso 6,5 Kg.<br \/>\n\u2022 Bater\u00eda incluida con capacidad<br \/>\n   de 2 horas de trabajo contin\u00fao.<\/p>","protected":false},"featured_media":4335,"comment_status":"open","ping_status":"closed","template":"","meta":[],"product_brand":[],"product_cat":[110],"product_tag":[136],"class_list":{"0":"post-4336","1":"product","2":"type-product","3":"status-publish","4":"has-post-thumbnail","6":"product_cat-radiologia","7":"product_tag-advanced","9":"first","10":"instock","11":"shipping-taxable","12":"purchasable","13":"product-type-simple"},"_links":{"self":[{"href":"https:\/\/suquir.com.ve\/en\/wp-json\/wp\/v2\/product\/4336","targetHints":{"allow":["GET"]}}],"collection":[{"href":"https:\/\/suquir.com.ve\/en\/wp-json\/wp\/v2\/product"}],"about":[{"href":"https:\/\/suquir.com.ve\/en\/wp-json\/wp\/v2\/types\/product"}],"replies":[{"embeddable":true,"href":"https:\/\/suquir.com.ve\/en\/wp-json\/wp\/v2\/comments?post=4336"}],"wp:featuredmedia":[{"embeddable":true,"href":"https:\/\/suquir.com.ve\/en\/wp-json\/wp\/v2\/media\/4335"}],"wp:attachment":[{"href":"https:\/\/suquir.com.ve\/en\/wp-json\/wp\/v2\/media?parent=4336"}],"wp:term":[{"taxonomy":"product_brand","embeddable":true,"href":"https:\/\/suquir.com.ve\/en\/wp-json\/wp\/v2\/product_brand?post=4336"},{"taxonomy":"product_cat","embeddable":true,"href":"https:\/\/suquir.com.ve\/en\/wp-json\/wp\/v2\/product_cat?post=4336"},{"taxonomy":"product_tag","embeddable":true,"href":"https:\/\/suquir.com.ve\/en\/wp-json\/wp\/v2\/product_tag?post=4336"}],"curies":[{"name":"wp","href":"https:\/\/api.w.org\/{rel}","templated":true}]}}