{"id":4338,"date":"2025-07-03T00:26:16","date_gmt":"2025-07-03T00:26:16","guid":{"rendered":"https:\/\/suquir.com.ve\/producto\/ecografo-estacionario-qbit7\/"},"modified":"2025-07-19T02:12:38","modified_gmt":"2025-07-19T02:12:38","slug":"ecografo-estacionario-qbit7","status":"publish","type":"product","link":"https:\/\/suquir.com.ve\/en\/product\/ecografo-estacionario-qbit7\/","title":{"rendered":"EC\u00d3GRAFO ESTACIONARIO QBIT7"},"content":{"rendered":"","protected":false},"excerpt":{"rendered":"<p>Marca: CHISON<br \/>\nModelo: QBIT7<\/p>\n<p>El Ec\u00f3grafo Chison QBit 7 mejora la flexibilidad y el flujo de trabajo a un nuevo<br \/>\nnivel. Adiciona funciones como el doppler continuo (CW), im\u00e1genes tisulares<br \/>\n(TDI), c\u00e1lculos autom\u00e1ticos (IMT).<br \/>\nEst\u00e1 equipado con una amplia gama de transductores que adoptan tecnolog\u00edas<br \/>\ninnovadoras. Este modelo promete una experiencia de diagn\u00f3stico confiable y<br \/>\ncomo resultado, un rendimiento de alta calidad en todas las aplicaciones.<br \/>\nEl sistema de ultrasonido de ultra movilidad QBit 7 4D \/ 5D cuenta con una<br \/>\ntecnolog\u00eda arm\u00f3nica innovadora que maximiza la resoluci\u00f3n sin perder<br \/>\nla penetraci\u00f3n.<\/p>\n<p>Especificaciones:<br \/>\n\u2022 Modos de imagen: B, 2B, 4B, B\/M.<br \/>\n\u2022 CFM, B\/BC, PW\/CW, PD, Directional PD.<br \/>\n\u2022 Duplex, Triplex, Quadplex.<br \/>\n\u2022 Proyecci\u00f3n de imagen trapezoidal, Imagen de curva panor\u00e1mica.<br \/>\n\u2022 Chroma B\/M\/PW\/CW.<br \/>\n\u2022 4D y 5D (Virtual HD).<br \/>\n\u2022 2D Steer, Steer M, Color M, TDI.<br \/>\n\u2022 Elastograf\u00eda.<br \/>\n\u2022 ECG.<br \/>\n\u2022 Pantalla LED 19&#8243; ajustable a 90\u00b0, puede girar<br \/>\nizquierda y derecha 90\u00b0 ~90\u00b0.<br \/>\n\u2022 Teclado flotante con rotaci\u00f3n de izquierda a derecha -45\u00b0 ~45\u00b0.<br \/>\n\u2022 Dise\u00f1o de teclado retroiluminado: para un acceso f\u00e1cil y r\u00e1pido.<br \/>\n\u2022 Conexiones USB, VGA y S-Video.<br \/>\n\u2022Filtro de polvo extra\u00edble.<\/p>","protected":false},"featured_media":4337,"comment_status":"open","ping_status":"closed","template":"","meta":[],"product_brand":[],"product_cat":[110],"product_tag":[136],"class_list":{"0":"post-4338","1":"product","2":"type-product","3":"status-publish","4":"has-post-thumbnail","6":"product_cat-radiologia","7":"product_tag-advanced","9":"first","10":"instock","11":"shipping-taxable","12":"purchasable","13":"product-type-simple"},"_links":{"self":[{"href":"https:\/\/suquir.com.ve\/en\/wp-json\/wp\/v2\/product\/4338","targetHints":{"allow":["GET"]}}],"collection":[{"href":"https:\/\/suquir.com.ve\/en\/wp-json\/wp\/v2\/product"}],"about":[{"href":"https:\/\/suquir.com.ve\/en\/wp-json\/wp\/v2\/types\/product"}],"replies":[{"embeddable":true,"href":"https:\/\/suquir.com.ve\/en\/wp-json\/wp\/v2\/comments?post=4338"}],"wp:featuredmedia":[{"embeddable":true,"href":"https:\/\/suquir.com.ve\/en\/wp-json\/wp\/v2\/media\/4337"}],"wp:attachment":[{"href":"https:\/\/suquir.com.ve\/en\/wp-json\/wp\/v2\/media?parent=4338"}],"wp:term":[{"taxonomy":"product_brand","embeddable":true,"href":"https:\/\/suquir.com.ve\/en\/wp-json\/wp\/v2\/product_brand?post=4338"},{"taxonomy":"product_cat","embeddable":true,"href":"https:\/\/suquir.com.ve\/en\/wp-json\/wp\/v2\/product_cat?post=4338"},{"taxonomy":"product_tag","embeddable":true,"href":"https:\/\/suquir.com.ve\/en\/wp-json\/wp\/v2\/product_tag?post=4338"}],"curies":[{"name":"wp","href":"https:\/\/api.w.org\/{rel}","templated":true}]}}