{"id":4340,"date":"2025-07-03T00:44:42","date_gmt":"2025-07-03T00:44:42","guid":{"rendered":"https:\/\/suquir.com.ve\/producto\/glucometro-bgm-101\/"},"modified":"2025-07-19T01:01:51","modified_gmt":"2025-07-19T01:01:51","slug":"glucometro-bgm-101","status":"publish","type":"product","link":"https:\/\/suquir.com.ve\/en\/product\/glucometro-bgm-101\/","title":{"rendered":"GLUCOMETRO BGM-101"},"content":{"rendered":"<p><img loading=\"lazy\" decoding=\"async\" class=\"alignnone wp-image-4300\" src=\"https:\/\/suquir.com.ve\/wp-content\/uploads\/2025\/06\/img1607-300x300.jpg\" alt=\"\" width=\"150\" height=\"120\" srcset=\"https:\/\/suquir.com.ve\/wp-content\/uploads\/2025\/06\/img1607-768x613.jpg 768w, https:\/\/suquir.com.ve\/wp-content\/uploads\/2025\/06\/img1607-100x79.jpg 100w, https:\/\/suquir.com.ve\/wp-content\/uploads\/2025\/06\/img1607-230x183.jpg 230w, https:\/\/suquir.com.ve\/wp-content\/uploads\/2025\/06\/img1607-500x399.jpg 500w, https:\/\/suquir.com.ve\/wp-content\/uploads\/2025\/06\/img1607.jpg 129w\" sizes=\"auto, (max-width: 150px) 100vw, 150px\" \/><img loading=\"lazy\" decoding=\"async\" class=\"alignnone wp-image-4303\" src=\"https:\/\/suquir.com.ve\/wp-content\/uploads\/2025\/06\/img1625-300x300.jpg\" alt=\"\" width=\"212\" height=\"300\" srcset=\"https:\/\/suquir.com.ve\/wp-content\/uploads\/2025\/06\/img1625-768x1088.jpg 768w, https:\/\/suquir.com.ve\/wp-content\/uploads\/2025\/06\/img1625-100x141.jpg 100w, https:\/\/suquir.com.ve\/wp-content\/uploads\/2025\/06\/img1625-230x326.jpg 230w, https:\/\/suquir.com.ve\/wp-content\/uploads\/2025\/06\/img1625-500x708.jpg 500w, https:\/\/suquir.com.ve\/wp-content\/uploads\/2025\/06\/img1625.jpg 91w\" sizes=\"auto, (max-width: 212px) 100vw, 212px\" \/><img loading=\"lazy\" decoding=\"async\" class=\"alignnone wp-image-4304\" src=\"https:\/\/suquir.com.ve\/wp-content\/uploads\/2025\/06\/img1595-300x300.jpg\" alt=\"\" width=\"143\" height=\"300\" srcset=\"https:\/\/suquir.com.ve\/wp-content\/uploads\/2025\/06\/img1595-768x1613.jpg 768w, https:\/\/suquir.com.ve\/wp-content\/uploads\/2025\/06\/img1595-100x210.jpg 100w, https:\/\/suquir.com.ve\/wp-content\/uploads\/2025\/06\/img1595-230x483.jpg 230w, https:\/\/suquir.com.ve\/wp-content\/uploads\/2025\/06\/img1595-500x1050.jpg 500w, https:\/\/suquir.com.ve\/wp-content\/uploads\/2025\/06\/img1595.jpg 218w\" sizes=\"auto, (max-width: 143px) 100vw, 143px\" \/><img loading=\"lazy\" decoding=\"async\" class=\"alignnone wp-image-4305\" src=\"https:\/\/suquir.com.ve\/wp-content\/uploads\/2025\/06\/img1619-1-300x300.jpg\" alt=\"\" width=\"151\" height=\"64\" srcset=\"https:\/\/suquir.com.ve\/wp-content\/uploads\/2025\/06\/img1619-1-768x325.jpg 768w, https:\/\/suquir.com.ve\/wp-content\/uploads\/2025\/06\/img1619-1-100x42.jpg 100w, https:\/\/suquir.com.ve\/wp-content\/uploads\/2025\/06\/img1619-1-230x97.jpg 230w, https:\/\/suquir.com.ve\/wp-content\/uploads\/2025\/06\/img1619-1-500x212.jpg 500w, https:\/\/suquir.com.ve\/wp-content\/uploads\/2025\/06\/img1619-1.jpg 99w\" sizes=\"auto, (max-width: 151px) 100vw, 151px\" \/><img loading=\"lazy\" decoding=\"async\" class=\"alignnone wp-image-4306\" src=\"https:\/\/suquir.com.ve\/wp-content\/uploads\/2025\/06\/img1613-1-300x300.jpg\" alt=\"\" width=\"100\" height=\"25\" srcset=\"https:\/\/suquir.com.ve\/wp-content\/uploads\/2025\/06\/img1613-1-768x193.jpg 768w, https:\/\/suquir.com.ve\/wp-content\/uploads\/2025\/06\/img1613-1-100x25.jpg 100w, https:\/\/suquir.com.ve\/wp-content\/uploads\/2025\/06\/img1613-1-230x57.jpg 230w, https:\/\/suquir.com.ve\/wp-content\/uploads\/2025\/06\/img1613-1-500x125.jpg 500w, https:\/\/suquir.com.ve\/wp-content\/uploads\/2025\/06\/img1613-1.jpg 139w\" sizes=\"auto, (max-width: 100px) 100vw, 100px\" \/><img loading=\"lazy\" decoding=\"async\" class=\"alignnone wp-image-4307\" src=\"https:\/\/suquir.com.ve\/wp-content\/uploads\/2025\/06\/img1601-1-300x300.jpg\" alt=\"\" width=\"160\" height=\"150\" srcset=\"https:\/\/suquir.com.ve\/wp-content\/uploads\/2025\/06\/img1601-1-768x721.jpg 768w, https:\/\/suquir.com.ve\/wp-content\/uploads\/2025\/06\/img1601-1-100x93.jpg 100w, https:\/\/suquir.com.ve\/wp-content\/uploads\/2025\/06\/img1601-1-230x216.jpg 230w, https:\/\/suquir.com.ve\/wp-content\/uploads\/2025\/06\/img1601-1-500x469.jpg 500w, https:\/\/suquir.com.ve\/wp-content\/uploads\/2025\/06\/img1601-1.jpg 116w\" sizes=\"auto, (max-width: 160px) 100vw, 160px\" \/><\/p>","protected":false},"excerpt":{"rendered":"<p>Marca: LYSUN<br \/>\nModelo: BGM-101<\/p>\n<p>Caracter\u00edsticas principales:<br \/>\nTira de prueba dise\u00f1ada con sif\u00f3n de succi\u00f3n previa,<br \/>\nf\u00e1cil y conveniente de usar.<br \/>\nMuestra de sangre diminuta.<br \/>\nTiempo de medici\u00f3n r\u00e1pido de 5-segundos.<br \/>\nPantalla LCD grande f\u00e1cil de leer.<br \/>\nAutom\u00e1tico 7, 14 y 28 d\u00edas promedios.<br \/>\nAlmacena hasta 200 resultados con fecha y hora.<\/p>","protected":false},"featured_media":4339,"comment_status":"open","ping_status":"closed","template":"","meta":[],"product_brand":[],"product_cat":[122,121],"product_tag":[136],"class_list":{"0":"post-4340","1":"product","2":"type-product","3":"status-publish","4":"has-post-thumbnail","6":"product_cat-hospitalizacion","7":"product_cat-mobiliario-clinico","8":"product_tag-advanced","10":"first","11":"instock","12":"shipping-taxable","13":"purchasable","14":"product-type-simple"},"_links":{"self":[{"href":"https:\/\/suquir.com.ve\/en\/wp-json\/wp\/v2\/product\/4340","targetHints":{"allow":["GET"]}}],"collection":[{"href":"https:\/\/suquir.com.ve\/en\/wp-json\/wp\/v2\/product"}],"about":[{"href":"https:\/\/suquir.com.ve\/en\/wp-json\/wp\/v2\/types\/product"}],"replies":[{"embeddable":true,"href":"https:\/\/suquir.com.ve\/en\/wp-json\/wp\/v2\/comments?post=4340"}],"wp:featuredmedia":[{"embeddable":true,"href":"https:\/\/suquir.com.ve\/en\/wp-json\/wp\/v2\/media\/4339"}],"wp:attachment":[{"href":"https:\/\/suquir.com.ve\/en\/wp-json\/wp\/v2\/media?parent=4340"}],"wp:term":[{"taxonomy":"product_brand","embeddable":true,"href":"https:\/\/suquir.com.ve\/en\/wp-json\/wp\/v2\/product_brand?post=4340"},{"taxonomy":"product_cat","embeddable":true,"href":"https:\/\/suquir.com.ve\/en\/wp-json\/wp\/v2\/product_cat?post=4340"},{"taxonomy":"product_tag","embeddable":true,"href":"https:\/\/suquir.com.ve\/en\/wp-json\/wp\/v2\/product_tag?post=4340"}],"curies":[{"name":"wp","href":"https:\/\/api.w.org\/{rel}","templated":true}]}}