{"id":4356,"date":"2025-07-03T00:48:44","date_gmt":"2025-07-03T00:48:44","guid":{"rendered":"https:\/\/suquir.com.ve\/producto\/mesa-de-instrumental-semi-circular\/"},"modified":"2025-07-19T01:34:46","modified_gmt":"2025-07-19T01:34:46","slug":"mesa-de-instrumental-semi-circular","status":"publish","type":"product","link":"https:\/\/suquir.com.ve\/en\/product\/mesa-de-instrumental-semi-circular\/","title":{"rendered":"MESA DE INSTRUMENTAL SEMI-CIRCULAR"},"content":{"rendered":"<p><img loading=\"lazy\" decoding=\"async\" class=\"alignnone wp-image-4306\" src=\"https:\/\/suquir.com.ve\/wp-content\/uploads\/2025\/06\/img1613-1-300x300.jpg\" alt=\"\" width=\"200\" height=\"50\" srcset=\"https:\/\/suquir.com.ve\/wp-content\/uploads\/2025\/06\/img1613-1-768x193.jpg 768w, https:\/\/suquir.com.ve\/wp-content\/uploads\/2025\/06\/img1613-1-100x25.jpg 100w, https:\/\/suquir.com.ve\/wp-content\/uploads\/2025\/06\/img1613-1-230x57.jpg 230w, https:\/\/suquir.com.ve\/wp-content\/uploads\/2025\/06\/img1613-1-500x125.jpg 500w, https:\/\/suquir.com.ve\/wp-content\/uploads\/2025\/06\/img1613-1.jpg 139w\" sizes=\"auto, (max-width: 200px) 100vw, 200px\" \/><\/p>","protected":false},"excerpt":{"rendered":"<p>Modelo: Semi-Circular.<\/p>\n<p>\u2022 Fabricada en acero inoxidable.<br \/>\n\u2022 Dise\u00f1o c\u00f3modo y de f\u00e1cil acceso.<br \/>\n\u2022 Bandeja superior de forma curva y estante inferior.<br \/>\n\u2022 5 ruedas giratorias silenciosas con freno.<br \/>\n\u2022 Bandeja superior e inferior con barrera.<br \/>\n\u2022 Sin bordes cortantes y superficies lisas.<br \/>\n\u2022 F\u00e1cil desplazamiento.<\/p>","protected":false},"featured_media":4451,"comment_status":"open","ping_status":"closed","template":"","meta":[],"product_brand":[],"product_cat":[122,121],"product_tag":[136],"class_list":{"0":"post-4356","1":"product","2":"type-product","3":"status-publish","4":"has-post-thumbnail","6":"product_cat-hospitalizacion","7":"product_cat-mobiliario-clinico","8":"product_tag-advanced","10":"first","11":"instock","12":"shipping-taxable","13":"purchasable","14":"product-type-simple"},"_links":{"self":[{"href":"https:\/\/suquir.com.ve\/en\/wp-json\/wp\/v2\/product\/4356","targetHints":{"allow":["GET"]}}],"collection":[{"href":"https:\/\/suquir.com.ve\/en\/wp-json\/wp\/v2\/product"}],"about":[{"href":"https:\/\/suquir.com.ve\/en\/wp-json\/wp\/v2\/types\/product"}],"replies":[{"embeddable":true,"href":"https:\/\/suquir.com.ve\/en\/wp-json\/wp\/v2\/comments?post=4356"}],"wp:featuredmedia":[{"embeddable":true,"href":"https:\/\/suquir.com.ve\/en\/wp-json\/wp\/v2\/media\/4451"}],"wp:attachment":[{"href":"https:\/\/suquir.com.ve\/en\/wp-json\/wp\/v2\/media?parent=4356"}],"wp:term":[{"taxonomy":"product_brand","embeddable":true,"href":"https:\/\/suquir.com.ve\/en\/wp-json\/wp\/v2\/product_brand?post=4356"},{"taxonomy":"product_cat","embeddable":true,"href":"https:\/\/suquir.com.ve\/en\/wp-json\/wp\/v2\/product_cat?post=4356"},{"taxonomy":"product_tag","embeddable":true,"href":"https:\/\/suquir.com.ve\/en\/wp-json\/wp\/v2\/product_tag?post=4356"}],"curies":[{"name":"wp","href":"https:\/\/api.w.org\/{rel}","templated":true}]}}