{"id":4358,"date":"2025-07-03T00:48:47","date_gmt":"2025-07-03T00:48:47","guid":{"rendered":"https:\/\/suquir.com.ve\/producto\/escabel-1-paso-1-paso\/"},"modified":"2025-07-19T01:31:14","modified_gmt":"2025-07-19T01:31:14","slug":"escabel-1-paso-1-paso","status":"publish","type":"product","link":"https:\/\/suquir.com.ve\/en\/product\/escabel-1-paso-1-paso\/","title":{"rendered":"ESCABEL 1 PASO 1 PASO"},"content":{"rendered":"","protected":false},"excerpt":{"rendered":"<p>Modelo: 1 Paso<\/p>\n<p>El Escabel Antideslizante est\u00e1 pensado principalmente para ser utilizado en<br \/>\ncl\u00ednicas, hospitales y consultas, ya que permite al paciente alcanzar la camilla<br \/>\nsin dificultad.<br \/>\nEs un dispositivo peque\u00f1o y port\u00e1til que se utiliza en la atenci\u00f3n m\u00e9dica para<br \/>\nayudar a los pacientes a subir y bajar de las camillas o las mesas de examen<br \/>\nde forma segura y c\u00f3moda.<br \/>\nProporciona un apoyo estable para el paciente y facilita el acceso del m\u00e9dico a<br \/>\n\u00e1reas espec\u00edficas del cuerpo para examinar o tratar.<br \/>\nAdem\u00e1s, su dise\u00f1o compacto lo hace f\u00e1cil de almacenar y transportar entre<br \/>\nlas habitaciones de la cl\u00ednica o el hospital.<br \/>\n\u2022 Material Acero Inoxidable.<br \/>\n\u2022 Superficie de apoyo antidelizante.<br \/>\n\u2022 Tama\u00f1o 1 escal\u00f3n.<br \/>\n\u2022 Resistente a la corrosi\u00f3n<\/p>","protected":false},"featured_media":4450,"comment_status":"open","ping_status":"closed","template":"","meta":[],"product_brand":[],"product_cat":[15,122,121],"product_tag":[136],"class_list":{"0":"post-4358","1":"product","2":"type-product","3":"status-publish","4":"has-post-thumbnail","6":"product_cat-sin-categoria","7":"product_cat-hospitalizacion","8":"product_cat-mobiliario-clinico","9":"product_tag-advanced","11":"first","12":"instock","13":"shipping-taxable","14":"purchasable","15":"product-type-simple"},"_links":{"self":[{"href":"https:\/\/suquir.com.ve\/en\/wp-json\/wp\/v2\/product\/4358","targetHints":{"allow":["GET"]}}],"collection":[{"href":"https:\/\/suquir.com.ve\/en\/wp-json\/wp\/v2\/product"}],"about":[{"href":"https:\/\/suquir.com.ve\/en\/wp-json\/wp\/v2\/types\/product"}],"replies":[{"embeddable":true,"href":"https:\/\/suquir.com.ve\/en\/wp-json\/wp\/v2\/comments?post=4358"}],"wp:featuredmedia":[{"embeddable":true,"href":"https:\/\/suquir.com.ve\/en\/wp-json\/wp\/v2\/media\/4450"}],"wp:attachment":[{"href":"https:\/\/suquir.com.ve\/en\/wp-json\/wp\/v2\/media?parent=4358"}],"wp:term":[{"taxonomy":"product_brand","embeddable":true,"href":"https:\/\/suquir.com.ve\/en\/wp-json\/wp\/v2\/product_brand?post=4358"},{"taxonomy":"product_cat","embeddable":true,"href":"https:\/\/suquir.com.ve\/en\/wp-json\/wp\/v2\/product_cat?post=4358"},{"taxonomy":"product_tag","embeddable":true,"href":"https:\/\/suquir.com.ve\/en\/wp-json\/wp\/v2\/product_tag?post=4358"}],"curies":[{"name":"wp","href":"https:\/\/api.w.org\/{rel}","templated":true}]}}