{"id":4482,"date":"2025-07-13T23:32:27","date_gmt":"2025-07-13T23:32:27","guid":{"rendered":"https:\/\/suquir.com.ve\/producto\/midas-rex-mr8motor-quirurgico-de-alta-velocidad\/"},"modified":"2025-07-13T23:32:27","modified_gmt":"2025-07-13T23:32:27","slug":"midas-rex-mr8motor-quirurgico-de-alta-velocidad","status":"publish","type":"product","link":"https:\/\/suquir.com.ve\/en\/product\/midas-rex-mr8motor-quirurgico-de-alta-velocidad\/","title":{"rendered":"Midas Rex\u2122 MR8\u2122\nMotor quir\u00fargico de alta velocidad"},"content":{"rendered":"","protected":false},"excerpt":{"rendered":"<p>Acceso a\u00fan m\u00e1s flexible al sitio quir\u00fargico<\/p>\n<p>Por m\u00e1s de 50 a\u00f1os, nuestra plataforma Midas Rex\u2122 ha sido el \u201cGold Standard\u201d<br \/>\nen motores quir\u00fargicos. Como t\u00fa, nosotros no nos quedamos en el pasado y<br \/>\nconstruimos sobre \u00e9l. Debido a que innovamos, seguimos siendo l\u00edderes en<br \/>\nconfiabilidad, desempe\u00f1o y preferencia del cirujano.<br \/>\nEl motor quir\u00fargico de alta velocidad Midas Rex\u2122 MR8\u2122 tiene una temperatura<br \/>\nde funcionamiento m\u00e1s baja, menos ruido, mejor visibilidad del sitio quir\u00fargico<br \/>\ny un rendimiento de corte a\u00fan mejor. Navegable con StealthStation\u2122 S8,<br \/>\nse integra a la perfecci\u00f3n con otras tecnolog\u00edas de nuestro portafolio.<br \/>\nCon nuestro soporte integral, educaci\u00f3n, capacitaci\u00f3n y servicio, tienes un aliado<br \/>\nque est\u00e1 a su disposici\u00f3n de principio a fin<\/p>\n<p>Sensible. C\u00f3modo. Eficiente.<\/p>\n<p>Nuestra \u00faltima tecnolog\u00eda de motor ofrece un rendimiento de<br \/>\ncorte de hueso suave y preciso con un dise\u00f1o de pieza de mano<br \/>\nliviano y compacto. Para que pueda estar seguro durante sus<br \/>\nprocedimientos.<br \/>\n &#8211; Longitudes de exposici\u00f3n de herramienta ajustables.<br \/>\n &#8211; Accesorios optimizados para una mejor visibilidad.<br \/>\n &#8211; Dise\u00f1ado para reducir la vibraci\u00f3n.<br \/>\n &#8211; Dise\u00f1o ergon\u00f3mico m\u00e1s ligero.<br \/>\n &#8211; Tecnolog\u00eda de motor mejorada para tiempo de perforaci\u00f3n m\u00e1s<br \/>\n    largos.<br \/>\nVersatilidad que usted puede ver<br \/>\nVisibilidad. Funcionalidad. Accesibilidad.<br \/>\nNuestra amplia gama de accesorios se ha redise\u00f1ado para proporcionar un perfil<br \/>\nm\u00e1s optimizado con opciones flexibles que pueden adaptarse. Por lo tanto, ha<br \/>\nmejorado la visualizaci\u00f3n y ha aumentado la accesibilidad del sitio quir\u00fargico.<\/p>","protected":false},"featured_media":4481,"comment_status":"open","ping_status":"closed","template":"","meta":[],"product_brand":[],"product_cat":[15],"product_tag":[136],"class_list":{"0":"post-4482","1":"product","2":"type-product","3":"status-publish","4":"has-post-thumbnail","6":"product_cat-sin-categoria","7":"product_tag-advanced","9":"first","10":"instock","11":"shipping-taxable","12":"purchasable","13":"product-type-simple"},"_links":{"self":[{"href":"https:\/\/suquir.com.ve\/en\/wp-json\/wp\/v2\/product\/4482","targetHints":{"allow":["GET"]}}],"collection":[{"href":"https:\/\/suquir.com.ve\/en\/wp-json\/wp\/v2\/product"}],"about":[{"href":"https:\/\/suquir.com.ve\/en\/wp-json\/wp\/v2\/types\/product"}],"replies":[{"embeddable":true,"href":"https:\/\/suquir.com.ve\/en\/wp-json\/wp\/v2\/comments?post=4482"}],"wp:featuredmedia":[{"embeddable":true,"href":"https:\/\/suquir.com.ve\/en\/wp-json\/wp\/v2\/media\/4481"}],"wp:attachment":[{"href":"https:\/\/suquir.com.ve\/en\/wp-json\/wp\/v2\/media?parent=4482"}],"wp:term":[{"taxonomy":"product_brand","embeddable":true,"href":"https:\/\/suquir.com.ve\/en\/wp-json\/wp\/v2\/product_brand?post=4482"},{"taxonomy":"product_cat","embeddable":true,"href":"https:\/\/suquir.com.ve\/en\/wp-json\/wp\/v2\/product_cat?post=4482"},{"taxonomy":"product_tag","embeddable":true,"href":"https:\/\/suquir.com.ve\/en\/wp-json\/wp\/v2\/product_tag?post=4482"}],"curies":[{"name":"wp","href":"https:\/\/api.w.org\/{rel}","templated":true}]}}