{"id":4524,"date":"2025-07-13T23:36:19","date_gmt":"2025-07-13T23:36:19","guid":{"rendered":"https:\/\/suquir.com.ve\/producto\/suturas-absorbiblesvelosorb-fast-braided\/"},"modified":"2025-07-13T23:36:19","modified_gmt":"2025-07-13T23:36:19","slug":"suturas-absorbiblesvelosorb-fast-braided","status":"publish","type":"product","link":"https:\/\/suquir.com.ve\/en\/product\/suturas-absorbiblesvelosorb-fast-braided\/","title":{"rendered":"Suturas Absorbibles\r\nVelosorb\u2122 Fast Braided"},"content":{"rendered":"","protected":false},"excerpt":{"rendered":"<p>Suturas Absorbibles<br \/>\nVelosorb\u2122 Fast Braided<\/p>\n<p>Las suturas Velosorb\u2122 Fast se componen de poli\u00e9ster sint\u00e9tico absorbible compuesto de<br \/>\nglic\u00f3coliy y lactida (derivado de \u00e1cidos glic\u00f3licos y l\u00e1cticos).<br \/>\nEsta sutura absorbible trenzada ofrece:<br \/>\n\u2022 Manejo flexible y f\u00e1cil de atar nudos durante el cierre.<br \/>\n\u2022 Fuerte aproximaci\u00f3n de heridas durante el per\u00edodo cr\u00edtico de cicatrizaci\u00f3n.<br \/>\n\u2022 R\u00e1pida absorci\u00f3n.<br \/>\n\u2022 M\u00ednimo arrastre de tejido.<br \/>\nLas suturas Velosorb\u2122 Fast est\u00e1n indicadas para su uso en la aproximaci\u00f3n de tejidos<br \/>\nblandos de la piel y la mucosa, cuando s\u00f3lo se requieren 7-10 d\u00edas de soporte de la herida.<br \/>\nSin embargo, no est\u00e1 indicado para su uso en procedimientos de<br \/>\nligadura, oft\u00e1lmicos, cardiovasculares o neurol\u00f3gicos.<br \/>\nLos promedios de resistencia a la tracci\u00f3n para las suturas<br \/>\nson no menos del 45% de su resistencia a la tracci\u00f3n original<br \/>\n5 d\u00edas despu\u00e9s de la implantaci\u00f3n.<br \/>\nToda la resistencia a la tracci\u00f3n original ha desaparecido<br \/>\nesencialmente por 14 d\u00edas.<br \/>\nLa absorci\u00f3n comienza como una p\u00e9rdida de resistencia a<br \/>\nla tracci\u00f3n sin una p\u00e9rdida apreciable de masa.<br \/>\nLa absorci\u00f3n de las suturas Velosorb\u2122 Fast se completa<br \/>\nesencialmente entre los 40 y 50 d\u00edas.<\/p>","protected":false},"featured_media":4523,"comment_status":"open","ping_status":"closed","template":"","meta":[],"product_brand":[],"product_cat":[15],"product_tag":[136],"class_list":{"0":"post-4524","1":"product","2":"type-product","3":"status-publish","4":"has-post-thumbnail","6":"product_cat-sin-categoria","7":"product_tag-advanced","9":"first","10":"instock","11":"shipping-taxable","12":"purchasable","13":"product-type-simple"},"_links":{"self":[{"href":"https:\/\/suquir.com.ve\/en\/wp-json\/wp\/v2\/product\/4524","targetHints":{"allow":["GET"]}}],"collection":[{"href":"https:\/\/suquir.com.ve\/en\/wp-json\/wp\/v2\/product"}],"about":[{"href":"https:\/\/suquir.com.ve\/en\/wp-json\/wp\/v2\/types\/product"}],"replies":[{"embeddable":true,"href":"https:\/\/suquir.com.ve\/en\/wp-json\/wp\/v2\/comments?post=4524"}],"wp:featuredmedia":[{"embeddable":true,"href":"https:\/\/suquir.com.ve\/en\/wp-json\/wp\/v2\/media\/4523"}],"wp:attachment":[{"href":"https:\/\/suquir.com.ve\/en\/wp-json\/wp\/v2\/media?parent=4524"}],"wp:term":[{"taxonomy":"product_brand","embeddable":true,"href":"https:\/\/suquir.com.ve\/en\/wp-json\/wp\/v2\/product_brand?post=4524"},{"taxonomy":"product_cat","embeddable":true,"href":"https:\/\/suquir.com.ve\/en\/wp-json\/wp\/v2\/product_cat?post=4524"},{"taxonomy":"product_tag","embeddable":true,"href":"https:\/\/suquir.com.ve\/en\/wp-json\/wp\/v2\/product_tag?post=4524"}],"curies":[{"name":"wp","href":"https:\/\/api.w.org\/{rel}","templated":true}]}}