{"id":4526,"date":"2025-07-13T23:36:22","date_gmt":"2025-07-13T23:36:22","guid":{"rendered":"https:\/\/suquir.com.ve\/producto\/suturas-absorbiblescaprosyn-monofilamento\/"},"modified":"2025-07-13T23:36:22","modified_gmt":"2025-07-13T23:36:22","slug":"suturas-absorbiblescaprosyn-monofilamento","status":"publish","type":"product","link":"https:\/\/suquir.com.ve\/en\/product\/suturas-absorbiblescaprosyn-monofilamento\/","title":{"rendered":"Suturas Absorbibles\r\nCaprosyn\u2122 Monofilamento"},"content":{"rendered":"","protected":false},"excerpt":{"rendered":"<p>Suturas Absorbibles<br \/>\nCaprosyn\u2122 Monofilamento<\/p>\n<p>La absorci\u00f3n r\u00e1pida de la sutura absorbible sint\u00e9tica de Caprosyn\u2122 (56 d\u00edas),<br \/>\nel material de pol\u00edmero duradero y la construcci\u00f3n monofilamento<br \/>\nproporcionan un paso suave a trav\u00e9s del tejido, una mejor aproximaci\u00f3n o<br \/>\nligadura, y una potenciaci\u00f3n minimizada de la infecci\u00f3n.<br \/>\nLos pacientes pueden experimentar menos molestias durante la cicatrizaci\u00f3n,<br \/>\nmenos complicaciones de la herida y una recuperaci\u00f3n m\u00e1s r\u00e1pida.<\/p>\n<p>El avanzado proceso de extrusi\u00f3n de la mol\u00e9cula<br \/>\nde Polygytone\u2122 6211 proporciona a la sutura:<br \/>\nAproximaci\u00f3n fuerte y segura de la herida durante<br \/>\nel per\u00edodo cr\u00edtico de cicatrizaci\u00f3n:<\/p>\n<p>\u2022 Perfil de absorci\u00f3n predecible.<br \/>\n\u2022 Excelente manejo.<br \/>\n\u2022 Excelente seguridad de nudos.<\/p>","protected":false},"featured_media":4525,"comment_status":"open","ping_status":"closed","template":"","meta":[],"product_brand":[],"product_cat":[15],"product_tag":[136],"class_list":{"0":"post-4526","1":"product","2":"type-product","3":"status-publish","4":"has-post-thumbnail","6":"product_cat-sin-categoria","7":"product_tag-advanced","9":"first","10":"instock","11":"shipping-taxable","12":"purchasable","13":"product-type-simple"},"_links":{"self":[{"href":"https:\/\/suquir.com.ve\/en\/wp-json\/wp\/v2\/product\/4526","targetHints":{"allow":["GET"]}}],"collection":[{"href":"https:\/\/suquir.com.ve\/en\/wp-json\/wp\/v2\/product"}],"about":[{"href":"https:\/\/suquir.com.ve\/en\/wp-json\/wp\/v2\/types\/product"}],"replies":[{"embeddable":true,"href":"https:\/\/suquir.com.ve\/en\/wp-json\/wp\/v2\/comments?post=4526"}],"wp:featuredmedia":[{"embeddable":true,"href":"https:\/\/suquir.com.ve\/en\/wp-json\/wp\/v2\/media\/4525"}],"wp:attachment":[{"href":"https:\/\/suquir.com.ve\/en\/wp-json\/wp\/v2\/media?parent=4526"}],"wp:term":[{"taxonomy":"product_brand","embeddable":true,"href":"https:\/\/suquir.com.ve\/en\/wp-json\/wp\/v2\/product_brand?post=4526"},{"taxonomy":"product_cat","embeddable":true,"href":"https:\/\/suquir.com.ve\/en\/wp-json\/wp\/v2\/product_cat?post=4526"},{"taxonomy":"product_tag","embeddable":true,"href":"https:\/\/suquir.com.ve\/en\/wp-json\/wp\/v2\/product_tag?post=4526"}],"curies":[{"name":"wp","href":"https:\/\/api.w.org\/{rel}","templated":true}]}}