{"id":4528,"date":"2025-07-13T23:36:25","date_gmt":"2025-07-13T23:36:25","guid":{"rendered":"https:\/\/suquir.com.ve\/producto\/suturas-absorbiblespolysorb-braided\/"},"modified":"2025-07-13T23:36:25","modified_gmt":"2025-07-13T23:36:25","slug":"suturas-absorbiblespolysorb-braided","status":"publish","type":"product","link":"https:\/\/suquir.com.ve\/en\/product\/suturas-absorbiblespolysorb-braided\/","title":{"rendered":"Suturas Absorbibles\r\nPolysorb\u2122 Braided"},"content":{"rendered":"","protected":false},"excerpt":{"rendered":"<p>Suturas Absorbibles<br \/>\nPolysorb\u2122 Braided<\/p>\n<p>Las suturas Polysorb \u2122 est\u00e1n indicadas para su uso durante<br \/>\nintervenciones quir\u00fargicas, incluida la cirug\u00eda oft\u00e1lmica con<br \/>\nfines de aproximaci\u00f3n de tejidos blandos.<\/p>\n<p>Los promedios de resistencia m\u00ednima del nudo inicialmente,<br \/>\nson aproximadamente el 80% a las dos semanas y m\u00e1s del<br \/>\n30% a las tres semanas despu\u00e9s del implante.<\/p>\n<p>La absorci\u00f3n comienza como una p\u00e9rdida de resistencia a la<br \/>\ntracci\u00f3n sin una p\u00e9rdida apreciable de masa. La absorci\u00f3n<br \/>\nde las suturas Polysorb\u2122 es esencialmente completa entre<br \/>\nlos d\u00edas 56 y 70 d\u00edas.<\/p>","protected":false},"featured_media":4527,"comment_status":"open","ping_status":"closed","template":"","meta":[],"product_brand":[],"product_cat":[15],"product_tag":[136],"class_list":{"0":"post-4528","1":"product","2":"type-product","3":"status-publish","4":"has-post-thumbnail","6":"product_cat-sin-categoria","7":"product_tag-advanced","9":"first","10":"instock","11":"shipping-taxable","12":"purchasable","13":"product-type-simple"},"_links":{"self":[{"href":"https:\/\/suquir.com.ve\/en\/wp-json\/wp\/v2\/product\/4528","targetHints":{"allow":["GET"]}}],"collection":[{"href":"https:\/\/suquir.com.ve\/en\/wp-json\/wp\/v2\/product"}],"about":[{"href":"https:\/\/suquir.com.ve\/en\/wp-json\/wp\/v2\/types\/product"}],"replies":[{"embeddable":true,"href":"https:\/\/suquir.com.ve\/en\/wp-json\/wp\/v2\/comments?post=4528"}],"wp:featuredmedia":[{"embeddable":true,"href":"https:\/\/suquir.com.ve\/en\/wp-json\/wp\/v2\/media\/4527"}],"wp:attachment":[{"href":"https:\/\/suquir.com.ve\/en\/wp-json\/wp\/v2\/media?parent=4528"}],"wp:term":[{"taxonomy":"product_brand","embeddable":true,"href":"https:\/\/suquir.com.ve\/en\/wp-json\/wp\/v2\/product_brand?post=4528"},{"taxonomy":"product_cat","embeddable":true,"href":"https:\/\/suquir.com.ve\/en\/wp-json\/wp\/v2\/product_cat?post=4528"},{"taxonomy":"product_tag","embeddable":true,"href":"https:\/\/suquir.com.ve\/en\/wp-json\/wp\/v2\/product_tag?post=4528"}],"curies":[{"name":"wp","href":"https:\/\/api.w.org\/{rel}","templated":true}]}}