{"id":4530,"date":"2025-07-13T23:36:28","date_gmt":"2025-07-13T23:36:28","guid":{"rendered":"https:\/\/suquir.com.ve\/producto\/suturas-absorbibles-maxoncv-monofilamento\/"},"modified":"2025-07-13T23:36:28","modified_gmt":"2025-07-13T23:36:28","slug":"suturas-absorbibles-maxoncv-monofilamento","status":"publish","type":"product","link":"https:\/\/suquir.com.ve\/en\/product\/suturas-absorbibles-maxoncv-monofilamento\/","title":{"rendered":"Suturas Absorbibles Maxon\u2122\r\nCV Monofilamento"},"content":{"rendered":"","protected":false},"excerpt":{"rendered":"<p>Suturas Absorbibles Maxon\u2122<br \/>\nCV Monofilamento<\/p>\n<p>Las suturas absorbibles sint\u00e9ticas Maxon\u2122 CV est\u00e1n indicadas<br \/>\npara su uso en aproximaci\u00f3n general de tejidos blandos y\/o<br \/>\nligadura, incluido el uso en tejido cardiovascular pedi\u00e1trico,<br \/>\ndonde se espera que se produzca el crecimiento, y en la<br \/>\ncirug\u00eda vascular perif\u00e9rica.<br \/>\nNo est\u00e1n indicados para su uso en tejido cardiovascular adulto,<br \/>\ncirug\u00eda oft\u00e1lmica, microcirug\u00eda y tejidos neurales.<\/p>\n<p>Suturas Absorbibles Maxon\u2122<br \/>\nCV Monofilamento<br \/>\nEl proceso de extrusi\u00f3n avanzado de la mol\u00e9cula de<br \/>\npoligliconato otorga a la sutura:<\/p>\n<p>\u2022 Excelente retenci\u00f3n de fuerza in-vivo.<br \/>\n\u2022 Excelente seguridad de atar nudos.<\/p>","protected":false},"featured_media":4529,"comment_status":"open","ping_status":"closed","template":"","meta":[],"product_brand":[],"product_cat":[15],"product_tag":[136],"class_list":{"0":"post-4530","1":"product","2":"type-product","3":"status-publish","4":"has-post-thumbnail","6":"product_cat-sin-categoria","7":"product_tag-advanced","9":"first","10":"instock","11":"shipping-taxable","12":"purchasable","13":"product-type-simple"},"_links":{"self":[{"href":"https:\/\/suquir.com.ve\/en\/wp-json\/wp\/v2\/product\/4530","targetHints":{"allow":["GET"]}}],"collection":[{"href":"https:\/\/suquir.com.ve\/en\/wp-json\/wp\/v2\/product"}],"about":[{"href":"https:\/\/suquir.com.ve\/en\/wp-json\/wp\/v2\/types\/product"}],"replies":[{"embeddable":true,"href":"https:\/\/suquir.com.ve\/en\/wp-json\/wp\/v2\/comments?post=4530"}],"wp:featuredmedia":[{"embeddable":true,"href":"https:\/\/suquir.com.ve\/en\/wp-json\/wp\/v2\/media\/4529"}],"wp:attachment":[{"href":"https:\/\/suquir.com.ve\/en\/wp-json\/wp\/v2\/media?parent=4530"}],"wp:term":[{"taxonomy":"product_brand","embeddable":true,"href":"https:\/\/suquir.com.ve\/en\/wp-json\/wp\/v2\/product_brand?post=4530"},{"taxonomy":"product_cat","embeddable":true,"href":"https:\/\/suquir.com.ve\/en\/wp-json\/wp\/v2\/product_cat?post=4530"},{"taxonomy":"product_tag","embeddable":true,"href":"https:\/\/suquir.com.ve\/en\/wp-json\/wp\/v2\/product_tag?post=4530"}],"curies":[{"name":"wp","href":"https:\/\/api.w.org\/{rel}","templated":true}]}}