{"id":4532,"date":"2025-07-13T23:36:32","date_gmt":"2025-07-13T23:36:32","guid":{"rendered":"https:\/\/suquir.com.ve\/producto\/suturas-absorbiblesmaxon-monofilamento\/"},"modified":"2025-07-13T23:36:32","modified_gmt":"2025-07-13T23:36:32","slug":"suturas-absorbiblesmaxon-monofilamento","status":"publish","type":"product","link":"https:\/\/suquir.com.ve\/en\/product\/suturas-absorbiblesmaxon-monofilamento\/","title":{"rendered":"Suturas Absorbibles\r\nMaxon\u2122 Monofilamento"},"content":{"rendered":"","protected":false},"excerpt":{"rendered":"<p>Suturas Absorbibles<br \/>\nMaxon\u2122 Monofilamento<\/p>\n<p>Las suturas absorbibles sint\u00e9ticas Maxon\u2122 est\u00e1n indicadas para la<br \/>\naproximaci\u00f3n y\/o ligadura general de tejidos blandos, incluyendo su<br \/>\nuso en tejido cardiovascular pedi\u00e1trico donde se espera crecimiento, y<br \/>\nen cirug\u00eda vascular perif\u00e9rica. No est\u00e1n indicadas para su uso en tejido<br \/>\ncardiovascular adulto, cirug\u00eda oft\u00e1lmica, microcirug\u00eda y tejidos neurales.  <\/p>\n<p> La resistencia a la tracci\u00f3n de las suturas Maxon\u2122 y Maxon\u2122 CV es<br \/>\naproximadamente del 80% de la resistencia original una semana<br \/>\ndespu\u00e9s del implante, aproximadamente el 75% a las dos semanas, el<br \/>\n65% a las tres semanas, el 50% a las cuatro semanas y el 25% a las seis<br \/>\nsemanas despu\u00e9s del implante.  <\/p>\n<p> La absorci\u00f3n de las suturas absorbibles sint\u00e9ticas Maxon\u2122 y Maxon CV<br \/>\nes m\u00ednima hasta aproximadamente el d\u00eda 60 despu\u00e9s de la<br \/>\nimplantaci\u00f3n y se completa esencialmente en seis meses. <\/p>","protected":false},"featured_media":4531,"comment_status":"open","ping_status":"closed","template":"","meta":[],"product_brand":[],"product_cat":[15],"product_tag":[136],"class_list":{"0":"post-4532","1":"product","2":"type-product","3":"status-publish","4":"has-post-thumbnail","6":"product_cat-sin-categoria","7":"product_tag-advanced","9":"first","10":"instock","11":"shipping-taxable","12":"purchasable","13":"product-type-simple"},"_links":{"self":[{"href":"https:\/\/suquir.com.ve\/en\/wp-json\/wp\/v2\/product\/4532","targetHints":{"allow":["GET"]}}],"collection":[{"href":"https:\/\/suquir.com.ve\/en\/wp-json\/wp\/v2\/product"}],"about":[{"href":"https:\/\/suquir.com.ve\/en\/wp-json\/wp\/v2\/types\/product"}],"replies":[{"embeddable":true,"href":"https:\/\/suquir.com.ve\/en\/wp-json\/wp\/v2\/comments?post=4532"}],"wp:featuredmedia":[{"embeddable":true,"href":"https:\/\/suquir.com.ve\/en\/wp-json\/wp\/v2\/media\/4531"}],"wp:attachment":[{"href":"https:\/\/suquir.com.ve\/en\/wp-json\/wp\/v2\/media?parent=4532"}],"wp:term":[{"taxonomy":"product_brand","embeddable":true,"href":"https:\/\/suquir.com.ve\/en\/wp-json\/wp\/v2\/product_brand?post=4532"},{"taxonomy":"product_cat","embeddable":true,"href":"https:\/\/suquir.com.ve\/en\/wp-json\/wp\/v2\/product_cat?post=4532"},{"taxonomy":"product_tag","embeddable":true,"href":"https:\/\/suquir.com.ve\/en\/wp-json\/wp\/v2\/product_tag?post=4532"}],"curies":[{"name":"wp","href":"https:\/\/api.w.org\/{rel}","templated":true}]}}