{"id":4538,"date":"2025-07-13T23:36:40","date_gmt":"2025-07-13T23:36:40","guid":{"rendered":"https:\/\/suquir.com.ve\/producto\/suturas-absorbiblesbiosyn-monofilamento\/"},"modified":"2025-07-13T23:36:40","modified_gmt":"2025-07-13T23:36:40","slug":"suturas-absorbiblesbiosyn-monofilamento","status":"publish","type":"product","link":"https:\/\/suquir.com.ve\/en\/product\/suturas-absorbiblesbiosyn-monofilamento\/","title":{"rendered":"Suturas Absorbibles\r\nBiosyn\u2122 Monofilamento"},"content":{"rendered":"","protected":false},"excerpt":{"rendered":"<p>Suturas Absorbibles<br \/>\nBiosyn\u2122 Monofilamento<\/p>\n<p>Las suturas Biosyn\u2122 est\u00e1n indicadas para su uso en aproximaci\u00f3n<br \/>\ngeneral de tejidos blandos y\/o ligadura, pero no para su uso en<br \/>\ncirug\u00eda cardiovascular o neurol\u00f3gica.<\/p>\n<p>Los promedios de resistencia a la tracci\u00f3n para las suturas<br \/>\nabsorbibles sint\u00e9ticas Biosyn\u2122 son aproximadamente el 75% de<br \/>\nresistencia m\u00ednima del nudo a las dos semanas y aproximadamente<br \/>\n40% a las tres semanas despu\u00e9s del implante.<\/p>\n<p>La absorci\u00f3n comienza como una p\u00e9rdida de resistencia a la tracci\u00f3n sin<br \/>\nuna p\u00e9rdida apreciable de masa. La absorci\u00f3n de las suturas absorbibles<br \/>\nsint\u00e9ticas Biosyn\u2122 se completa esencialmente entre 90 y 110 d\u00edas.<\/p>","protected":false},"featured_media":4537,"comment_status":"open","ping_status":"closed","template":"","meta":[],"product_brand":[],"product_cat":[15],"product_tag":[136],"class_list":{"0":"post-4538","1":"product","2":"type-product","3":"status-publish","4":"has-post-thumbnail","6":"product_cat-sin-categoria","7":"product_tag-advanced","9":"first","10":"instock","11":"shipping-taxable","12":"purchasable","13":"product-type-simple"},"_links":{"self":[{"href":"https:\/\/suquir.com.ve\/en\/wp-json\/wp\/v2\/product\/4538","targetHints":{"allow":["GET"]}}],"collection":[{"href":"https:\/\/suquir.com.ve\/en\/wp-json\/wp\/v2\/product"}],"about":[{"href":"https:\/\/suquir.com.ve\/en\/wp-json\/wp\/v2\/types\/product"}],"replies":[{"embeddable":true,"href":"https:\/\/suquir.com.ve\/en\/wp-json\/wp\/v2\/comments?post=4538"}],"wp:featuredmedia":[{"embeddable":true,"href":"https:\/\/suquir.com.ve\/en\/wp-json\/wp\/v2\/media\/4537"}],"wp:attachment":[{"href":"https:\/\/suquir.com.ve\/en\/wp-json\/wp\/v2\/media?parent=4538"}],"wp:term":[{"taxonomy":"product_brand","embeddable":true,"href":"https:\/\/suquir.com.ve\/en\/wp-json\/wp\/v2\/product_brand?post=4538"},{"taxonomy":"product_cat","embeddable":true,"href":"https:\/\/suquir.com.ve\/en\/wp-json\/wp\/v2\/product_cat?post=4538"},{"taxonomy":"product_tag","embeddable":true,"href":"https:\/\/suquir.com.ve\/en\/wp-json\/wp\/v2\/product_tag?post=4538"}],"curies":[{"name":"wp","href":"https:\/\/api.w.org\/{rel}","templated":true}]}}