{"id":4544,"date":"2025-07-13T23:36:49","date_gmt":"2025-07-13T23:36:49","guid":{"rendered":"https:\/\/suquir.com.ve\/producto\/adhesivo-cutaneo-topico-swiftset\/"},"modified":"2025-07-13T23:36:49","modified_gmt":"2025-07-13T23:36:49","slug":"adhesivo-cutaneo-topico-swiftset","status":"publish","type":"product","link":"https:\/\/suquir.com.ve\/en\/product\/adhesivo-cutaneo-topico-swiftset\/","title":{"rendered":"Skin adhesive topical SwiftSet\u2122"},"content":{"rendered":"","protected":false},"excerpt":{"rendered":"<p>El adhesivo cut\u00e1neo t\u00f3pico SwiftSet\u2122 est\u00e1 dise\u00f1ado para la<br \/>\ncomodidad y seguridad del paciente. Ofrece todo lo necesario en un<br \/>\nadhesivo cut\u00e1neo t\u00f3pico y m\u00e1s. Su formulaci\u00f3n \u00fanica y dise\u00f1o de<br \/>\naplicaci\u00f3n patentado lo convierten en un dispositivo esencial para el<br \/>\ncierre de la piel en todo el hospital, incluyendo incisiones<br \/>\nquir\u00fargicas y laceraciones por traumatismos en la sala de<br \/>\nemergencias.<\/p>","protected":false},"featured_media":4543,"comment_status":"open","ping_status":"closed","template":"","meta":[],"product_brand":[],"product_cat":[15],"product_tag":[136],"class_list":{"0":"post-4544","1":"product","2":"type-product","3":"status-publish","4":"has-post-thumbnail","6":"product_cat-sin-categoria","7":"product_tag-advanced","9":"first","10":"instock","11":"shipping-taxable","12":"purchasable","13":"product-type-simple"},"_links":{"self":[{"href":"https:\/\/suquir.com.ve\/en\/wp-json\/wp\/v2\/product\/4544","targetHints":{"allow":["GET"]}}],"collection":[{"href":"https:\/\/suquir.com.ve\/en\/wp-json\/wp\/v2\/product"}],"about":[{"href":"https:\/\/suquir.com.ve\/en\/wp-json\/wp\/v2\/types\/product"}],"replies":[{"embeddable":true,"href":"https:\/\/suquir.com.ve\/en\/wp-json\/wp\/v2\/comments?post=4544"}],"wp:featuredmedia":[{"embeddable":true,"href":"https:\/\/suquir.com.ve\/en\/wp-json\/wp\/v2\/media\/4543"}],"wp:attachment":[{"href":"https:\/\/suquir.com.ve\/en\/wp-json\/wp\/v2\/media?parent=4544"}],"wp:term":[{"taxonomy":"product_brand","embeddable":true,"href":"https:\/\/suquir.com.ve\/en\/wp-json\/wp\/v2\/product_brand?post=4544"},{"taxonomy":"product_cat","embeddable":true,"href":"https:\/\/suquir.com.ve\/en\/wp-json\/wp\/v2\/product_cat?post=4544"},{"taxonomy":"product_tag","embeddable":true,"href":"https:\/\/suquir.com.ve\/en\/wp-json\/wp\/v2\/product_tag?post=4544"}],"curies":[{"name":"wp","href":"https:\/\/api.w.org\/{rel}","templated":true}]}}