{"id":4548,"date":"2025-07-13T23:36:55","date_gmt":"2025-07-13T23:36:55","guid":{"rendered":"https:\/\/suquir.com.ve\/producto\/cinta-de-retraccionde-poliester\/"},"modified":"2025-07-13T23:36:55","modified_gmt":"2025-07-13T23:36:55","slug":"cinta-de-retraccionde-poliester","status":"publish","type":"product","link":"https:\/\/suquir.com.ve\/en\/product\/cinta-de-retraccionde-poliester\/","title":{"rendered":"Cinta de retracci\u00f3n\r\nde poli\u00e9ster"},"content":{"rendered":"","protected":false},"excerpt":{"rendered":"<p>Cinta de retracci\u00f3n de poli\u00e9ster.<\/p>\n<p>La cinta de retracci\u00f3n de poli\u00e9teres de uso general<br \/>\nen retracci\u00f3n durante procedimientos quir\u00fargicos.<br \/>\nCompuesto de poli (etileno, tereftalato), la cinta no<br \/>\nes absorbible, trenzada para propiedades de manejo<br \/>\n\u00f3ptimas y est\u00e1 disponible sin te\u00f1ir (blanco).<\/p>","protected":false},"featured_media":4547,"comment_status":"open","ping_status":"closed","template":"","meta":[],"product_brand":[],"product_cat":[15],"product_tag":[136],"class_list":{"0":"post-4548","1":"product","2":"type-product","3":"status-publish","4":"has-post-thumbnail","6":"product_cat-sin-categoria","7":"product_tag-advanced","9":"first","10":"instock","11":"shipping-taxable","12":"purchasable","13":"product-type-simple"},"_links":{"self":[{"href":"https:\/\/suquir.com.ve\/en\/wp-json\/wp\/v2\/product\/4548","targetHints":{"allow":["GET"]}}],"collection":[{"href":"https:\/\/suquir.com.ve\/en\/wp-json\/wp\/v2\/product"}],"about":[{"href":"https:\/\/suquir.com.ve\/en\/wp-json\/wp\/v2\/types\/product"}],"replies":[{"embeddable":true,"href":"https:\/\/suquir.com.ve\/en\/wp-json\/wp\/v2\/comments?post=4548"}],"wp:featuredmedia":[{"embeddable":true,"href":"https:\/\/suquir.com.ve\/en\/wp-json\/wp\/v2\/media\/4547"}],"wp:attachment":[{"href":"https:\/\/suquir.com.ve\/en\/wp-json\/wp\/v2\/media?parent=4548"}],"wp:term":[{"taxonomy":"product_brand","embeddable":true,"href":"https:\/\/suquir.com.ve\/en\/wp-json\/wp\/v2\/product_brand?post=4548"},{"taxonomy":"product_cat","embeddable":true,"href":"https:\/\/suquir.com.ve\/en\/wp-json\/wp\/v2\/product_cat?post=4548"},{"taxonomy":"product_tag","embeddable":true,"href":"https:\/\/suquir.com.ve\/en\/wp-json\/wp\/v2\/product_tag?post=4548"}],"curies":[{"name":"wp","href":"https:\/\/api.w.org\/{rel}","templated":true}]}}