{"id":4552,"date":"2025-07-13T23:37:02","date_gmt":"2025-07-13T23:37:02","guid":{"rendered":"https:\/\/suquir.com.ve\/producto\/cables-de-estimulacion-cardiaca-temporales-flexon\/"},"modified":"2025-07-13T23:37:02","modified_gmt":"2025-07-13T23:37:02","slug":"cables-de-estimulacion-cardiaca-temporales-flexon","status":"publish","type":"product","link":"https:\/\/suquir.com.ve\/en\/product\/cables-de-estimulacion-cardiaca-temporales-flexon\/","title":{"rendered":"Cables cardiac stimulation temporary Flexon\u2122"},"content":{"rendered":"","protected":false},"excerpt":{"rendered":"<p>Cables de estimulaci\u00f3n card\u00edaca temporales Flexon\u2122.<\/p>\n<p>Los cables de estimulaci\u00f3n card\u00edaca temporales Flexon\u2122<br \/>\nest\u00e1n dise\u00f1ados espec\u00edficamente para aislar el cable y ser<br \/>\nmenos traum\u00e1ticos durante la extracci\u00f3n una vez finalizado<br \/>\nel marcapasos.<br \/>\nEst\u00e1n indicados para su uso en estimulaci\u00f3n y detecci\u00f3n<br \/>\ntemporal auricular y ventricular durante y despu\u00e9s de la<br \/>\ncirug\u00eda card\u00edaca.<\/p>","protected":false},"featured_media":4551,"comment_status":"open","ping_status":"closed","template":"","meta":[],"product_brand":[],"product_cat":[15],"product_tag":[136],"class_list":{"0":"post-4552","1":"product","2":"type-product","3":"status-publish","4":"has-post-thumbnail","6":"product_cat-sin-categoria","7":"product_tag-advanced","9":"first","10":"instock","11":"shipping-taxable","12":"purchasable","13":"product-type-simple"},"_links":{"self":[{"href":"https:\/\/suquir.com.ve\/en\/wp-json\/wp\/v2\/product\/4552","targetHints":{"allow":["GET"]}}],"collection":[{"href":"https:\/\/suquir.com.ve\/en\/wp-json\/wp\/v2\/product"}],"about":[{"href":"https:\/\/suquir.com.ve\/en\/wp-json\/wp\/v2\/types\/product"}],"replies":[{"embeddable":true,"href":"https:\/\/suquir.com.ve\/en\/wp-json\/wp\/v2\/comments?post=4552"}],"wp:featuredmedia":[{"embeddable":true,"href":"https:\/\/suquir.com.ve\/en\/wp-json\/wp\/v2\/media\/4551"}],"wp:attachment":[{"href":"https:\/\/suquir.com.ve\/en\/wp-json\/wp\/v2\/media?parent=4552"}],"wp:term":[{"taxonomy":"product_brand","embeddable":true,"href":"https:\/\/suquir.com.ve\/en\/wp-json\/wp\/v2\/product_brand?post=4552"},{"taxonomy":"product_cat","embeddable":true,"href":"https:\/\/suquir.com.ve\/en\/wp-json\/wp\/v2\/product_cat?post=4552"},{"taxonomy":"product_tag","embeddable":true,"href":"https:\/\/suquir.com.ve\/en\/wp-json\/wp\/v2\/product_tag?post=4552"}],"curies":[{"name":"wp","href":"https:\/\/api.w.org\/{rel}","templated":true}]}}