{"id":4556,"date":"2025-07-13T23:45:54","date_gmt":"2025-07-13T23:45:54","guid":{"rendered":"https:\/\/suquir.com.ve\/producto\/laringoscopio\/"},"modified":"2025-07-13T23:45:54","modified_gmt":"2025-07-13T23:45:54","slug":"laringoscopio","status":"publish","type":"product","link":"https:\/\/suquir.com.ve\/en\/product\/laringoscopio\/","title":{"rendered":"LARINGOSCOPIO"},"content":{"rendered":"","protected":false},"excerpt":{"rendered":"<p>Marca: American Diagnostic Corporation<\/p>\n<p>Este equipo es fundamental en procedimientos m\u00e9dicos para la visualizaci\u00f3n directa<br \/>\nde la laringe y las cuerdas vocales, adem\u00e1s de ser indispensable para la intubaci\u00f3n<br \/>\nendotraqueal segura<br \/>\n\u2022 Kit completo con dos mangos de laringoscopio y cuatro hojas Macintosh curvadas de<br \/>\ndiferentes tama\u00f1os.<br \/>\n\u2022 Hojas fabricadas en acero inoxidable, garantizando limpieza y esterilizaci\u00f3n.<br \/>\n\u2022 Mangos ergon\u00f3micos con superficie texturizada para un agarre seguro.<br \/>\n\u2022 Estuche r\u00edgido incluido para el almacenamiento y transporte organizado del equipo.<br \/>\n\u2022 Las hojas Macintosh facilitan la visualizaci\u00f3n de la laringe desplazando lengua y epiglotis.<br \/>\n\u2022 Mangos dise\u00f1ados para albergar bater\u00edas que alimentan una fuente de luz integrada.<br \/>\n\u2022 Equipo esencial para intubaci\u00f3n endotraqueal, diagn\u00f3stico lar\u00edngeo y otros<br \/>\nprocedimientos.<\/p>","protected":false},"featured_media":4555,"comment_status":"open","ping_status":"closed","template":"","meta":[],"product_brand":[],"product_cat":[15],"product_tag":[136],"class_list":{"0":"post-4556","1":"product","2":"type-product","3":"status-publish","4":"has-post-thumbnail","6":"product_cat-sin-categoria","7":"product_tag-advanced","9":"first","10":"instock","11":"shipping-taxable","12":"purchasable","13":"product-type-simple"},"_links":{"self":[{"href":"https:\/\/suquir.com.ve\/en\/wp-json\/wp\/v2\/product\/4556","targetHints":{"allow":["GET"]}}],"collection":[{"href":"https:\/\/suquir.com.ve\/en\/wp-json\/wp\/v2\/product"}],"about":[{"href":"https:\/\/suquir.com.ve\/en\/wp-json\/wp\/v2\/types\/product"}],"replies":[{"embeddable":true,"href":"https:\/\/suquir.com.ve\/en\/wp-json\/wp\/v2\/comments?post=4556"}],"wp:featuredmedia":[{"embeddable":true,"href":"https:\/\/suquir.com.ve\/en\/wp-json\/wp\/v2\/media\/4555"}],"wp:attachment":[{"href":"https:\/\/suquir.com.ve\/en\/wp-json\/wp\/v2\/media?parent=4556"}],"wp:term":[{"taxonomy":"product_brand","embeddable":true,"href":"https:\/\/suquir.com.ve\/en\/wp-json\/wp\/v2\/product_brand?post=4556"},{"taxonomy":"product_cat","embeddable":true,"href":"https:\/\/suquir.com.ve\/en\/wp-json\/wp\/v2\/product_cat?post=4556"},{"taxonomy":"product_tag","embeddable":true,"href":"https:\/\/suquir.com.ve\/en\/wp-json\/wp\/v2\/product_tag?post=4556"}],"curies":[{"name":"wp","href":"https:\/\/api.w.org\/{rel}","templated":true}]}}