{"id":4558,"date":"2025-07-13T23:46:00","date_gmt":"2025-07-13T23:46:00","guid":{"rendered":"https:\/\/suquir.com.ve\/producto\/la-solucion-craneal-stealthstation\/"},"modified":"2025-07-13T23:46:00","modified_gmt":"2025-07-13T23:46:00","slug":"la-solucion-craneal-stealthstation","status":"publish","type":"product","link":"https:\/\/suquir.com.ve\/en\/product\/la-solucion-craneal-stealthstation\/","title":{"rendered":"La soluci\u00f3n Craneal StealthStation\u2122"},"content":{"rendered":"","protected":false},"excerpt":{"rendered":"<p>EXACTITUD Y CONFIANZA PARA LA COLOCACI\u00d3N DE<br \/>\nELECTRODOS DE ESTIMULACI\u00d3N CEREBRAL PROFUNDA (DBS)<br \/>\nY PROCEDIMIENTOS ESTEREOT\u00c1CTICOS<\/p>\n<p>Los procedimientos de neurocirug\u00eda estereot\u00e1ctica requieren de un alto nivel de exactitud.<br \/>\nA trav\u00e9s de integraci\u00f3n sin interrupci\u00f3n de datos complejos de im\u00e1genes y algoritmos de<br \/>\nsoftware avanzados de planificaci\u00f3n, Medtronic proporciona una soluci\u00f3n para atender a sus<br \/>\nnecesidades de procedimiento.<br \/>\nMejorando de forma continua, se construye la inteligencia StealthStation\u2122 sobre la colaboraci\u00f3n<br \/>\ncon expertos en los campos de DBS y de neurocirug\u00eda estereot\u00e1ctica.<br \/>\nEsta herramienta quir\u00fargica potente le ofrece los flujos de trabajo personalizados e integraci\u00f3n<br \/>\nf\u00e1cil de tecnolog\u00eda para atender sus necesidades quir\u00fargicas de planificaci\u00f3n.<\/p>\n<p>Elecci\u00f3n y flexibilidad en planificaci\u00f3n.<\/p>\n<p>La soluci\u00f3n Craneal StealthStation\u2122 proporciona flujos de trabajo<br \/>\npersonalizados y sin interrupciones para sus variadas necesidades de<br \/>\nprocedimientos neuroquir\u00fargicos en una \u00fanica soluci\u00f3n.<\/p>\n<p>\u2022 Exportar conjuntos de datos del paciente a sistemas<br \/>\nPACS, nodos DICOM y otros sistemas StealthStation\u2122<br \/>\npara m\u00e1s revisi\u00f3n, almacenamiento y uso de datos.<br \/>\n\u2022 Algoritmos y herramientas avanzados de correlaci\u00f3n<br \/>\nde im\u00e1genes StealthMerge\u2122 proporcionan fusi\u00f3n de<br \/>\nim\u00e1genes exacta, autom\u00e1tica y manual de MR, CT,<br \/>\n O-arm, MRA, CTA, PET y fMRI.<br \/>\n\u2022 Segmentaci\u00f3n y visualizaci\u00f3n en 3D a partir de<br \/>\nm\u00faltiples conjuntos de datos incluyendo tractos<br \/>\ndemateria blanca, fMRI, superficie cortical y vasos.<br \/>\nElija de una variedad de localizadores estereot\u00e1cticos<br \/>\ncon detecci\u00f3n autom\u00e1tica de localizador y registro:<br \/>\n\u2022 Localizadores Integra\u00ae CRW\u00ae &#8211; CT &amp; Luminant\u00ae<br \/>\n\u2022 Localizadores Elekta\u2122 Leksell\u00ae &#8211; CT &amp; MR<br \/>\n\u2022 Localizadores Inomed\u00ae MR &amp; ZD &#8211; Rev A, Rev R &amp; Rev U<\/p>\n<p>STEALTHSTATION\u2122 PARA COLOCACI\u00d3N<br \/>\nDE ELECTRODOS DE ESTIMULACI\u00d3N<br \/>\nCEREBRAL PROFUNDA (DBS)<\/p>\n<p>El re-formateo de las im\u00e1genes AC-PC ha sido simplicado con herramientas mejoradas<br \/>\npara definir las ubicaciones de los puntos de referencia de la l\u00ednea AC-PC en las im\u00e1genes<br \/>\ny la configuraci\u00f3n del plano intermedio.<br \/>\nLas f\u00f3rmulas tradicionales de localizaci\u00f3n indirecta se pueden personalizar basadas en las<br \/>\npreferencias espec\u00edficas del cirujano y se pueden crear nuevos<br \/>\nobjetivos para simplificar el flujo de trabajo el d\u00eda de la cirug\u00eda.<br \/>\nEs posible usar diversas herramientas para definir planes quir\u00fargicos destinados a las<br \/>\nestructuras de inter\u00e9s correspondientes para la intervenci\u00f3n.<br \/>\nSe pueden mostrar los modelos de los de microelectrodos de DBS de Medtronic y<br \/>\nsuperponerlos en los planes para facilitar la visualizaci\u00f3n de los contactos relativos al plan<br \/>\nquir\u00fargico y al objetivo.<br \/>\nRecoja los datos del microregistro intra-operatorios a trav\u00e9s de las anotaciones junto con<br \/>\nlos planes quir\u00fargicos.<br \/>\nEstas anotaciones, en combinaci\u00f3n con la superposici\u00f3n de los electrodos de DBS<br \/>\nde Medtronic, proporcionan una comunicaci\u00f3n visual significativa al Neur\u00f3logo de<br \/>\nlo que ocurri\u00f3 el d\u00eda de la cirug\u00eda.<br \/>\nAtlas de Schaltenbrand Wahren totalmente<br \/>\nintegrado para tener un entendimiento mejor<br \/>\nde la ubicaci\u00f3n relativa de las estructuras<br \/>\npara efectos de ense\u00f1anza.<\/p>","protected":false},"featured_media":4557,"comment_status":"open","ping_status":"closed","template":"","meta":[],"product_brand":[],"product_cat":[15],"product_tag":[136],"class_list":{"0":"post-4558","1":"product","2":"type-product","3":"status-publish","4":"has-post-thumbnail","6":"product_cat-sin-categoria","7":"product_tag-advanced","9":"first","10":"instock","11":"shipping-taxable","12":"purchasable","13":"product-type-simple"},"_links":{"self":[{"href":"https:\/\/suquir.com.ve\/en\/wp-json\/wp\/v2\/product\/4558","targetHints":{"allow":["GET"]}}],"collection":[{"href":"https:\/\/suquir.com.ve\/en\/wp-json\/wp\/v2\/product"}],"about":[{"href":"https:\/\/suquir.com.ve\/en\/wp-json\/wp\/v2\/types\/product"}],"replies":[{"embeddable":true,"href":"https:\/\/suquir.com.ve\/en\/wp-json\/wp\/v2\/comments?post=4558"}],"wp:featuredmedia":[{"embeddable":true,"href":"https:\/\/suquir.com.ve\/en\/wp-json\/wp\/v2\/media\/4557"}],"wp:attachment":[{"href":"https:\/\/suquir.com.ve\/en\/wp-json\/wp\/v2\/media?parent=4558"}],"wp:term":[{"taxonomy":"product_brand","embeddable":true,"href":"https:\/\/suquir.com.ve\/en\/wp-json\/wp\/v2\/product_brand?post=4558"},{"taxonomy":"product_cat","embeddable":true,"href":"https:\/\/suquir.com.ve\/en\/wp-json\/wp\/v2\/product_cat?post=4558"},{"taxonomy":"product_tag","embeddable":true,"href":"https:\/\/suquir.com.ve\/en\/wp-json\/wp\/v2\/product_tag?post=4558"}],"curies":[{"name":"wp","href":"https:\/\/api.w.org\/{rel}","templated":true}]}}