{"id":4564,"date":"2025-07-13T23:46:26","date_gmt":"2025-07-13T23:46:26","guid":{"rendered":"https:\/\/suquir.com.ve\/producto\/tecnologias-habilitadorasneurocirugia-cirugiade-columna-vertebralstealthstation\/"},"modified":"2025-07-13T23:54:20","modified_gmt":"2025-07-13T23:54:20","slug":"tecnologias-habilitadorasneurocirugia-cirugiade-columna-vertebralstealthstation","status":"publish","type":"product","link":"https:\/\/suquir.com.ve\/en\/product\/tecnologias-habilitadorasneurocirugia-cirugiade-columna-vertebralstealthstation\/","title":{"rendered":"Tecnolog\u00edas habilitadorasNeurocirug\u00eda &amp; Cirug\u00edade columna vertebralSTEALTHSTATION\u2122"},"content":{"rendered":"","protected":false},"excerpt":{"rendered":"<p>Tecnolog\u00edas habilitadoras<br \/>\nNeurocirug\u00eda &amp; Cirug\u00eda<br \/>\nde columna vertebral<br \/>\nSTEALTHSTATION\u2122<\/p>","protected":false},"featured_media":4583,"comment_status":"open","ping_status":"closed","template":"","meta":[],"product_brand":[],"product_cat":[15],"product_tag":[136],"class_list":{"0":"post-4564","1":"product","2":"type-product","3":"status-publish","4":"has-post-thumbnail","6":"product_cat-sin-categoria","7":"product_tag-advanced","9":"first","10":"instock","11":"shipping-taxable","12":"purchasable","13":"product-type-simple"},"_links":{"self":[{"href":"https:\/\/suquir.com.ve\/en\/wp-json\/wp\/v2\/product\/4564","targetHints":{"allow":["GET"]}}],"collection":[{"href":"https:\/\/suquir.com.ve\/en\/wp-json\/wp\/v2\/product"}],"about":[{"href":"https:\/\/suquir.com.ve\/en\/wp-json\/wp\/v2\/types\/product"}],"replies":[{"embeddable":true,"href":"https:\/\/suquir.com.ve\/en\/wp-json\/wp\/v2\/comments?post=4564"}],"wp:featuredmedia":[{"embeddable":true,"href":"https:\/\/suquir.com.ve\/en\/wp-json\/wp\/v2\/media\/4583"}],"wp:attachment":[{"href":"https:\/\/suquir.com.ve\/en\/wp-json\/wp\/v2\/media?parent=4564"}],"wp:term":[{"taxonomy":"product_brand","embeddable":true,"href":"https:\/\/suquir.com.ve\/en\/wp-json\/wp\/v2\/product_brand?post=4564"},{"taxonomy":"product_cat","embeddable":true,"href":"https:\/\/suquir.com.ve\/en\/wp-json\/wp\/v2\/product_cat?post=4564"},{"taxonomy":"product_tag","embeddable":true,"href":"https:\/\/suquir.com.ve\/en\/wp-json\/wp\/v2\/product_tag?post=4564"}],"curies":[{"name":"wp","href":"https:\/\/api.w.org\/{rel}","templated":true}]}}